{"id":326,"date":"2024-03-28T21:57:27","date_gmt":"2024-03-28T20:57:27","guid":{"rendered":"https:\/\/clairdelune-bienetre.fr\/?page_id=326"},"modified":"2025-08-19T00:00:45","modified_gmt":"2025-08-18T22:00:45","slug":"contact-2","status":"publish","type":"page","link":"https:\/\/clairdelune-bienetre.fr\/index.php\/contact-2\/","title":{"rendered":"Contact &amp; Infos"},"content":{"rendered":"\t\t<div data-elementor-type=\"wp-page\" data-elementor-id=\"326\" class=\"elementor elementor-326\">\n\t\t\t\t\t\t<section class=\"elementor-section elementor-top-section elementor-element elementor-element-6731c0a elementor-section-boxed elementor-section-height-default elementor-section-height-default\" data-id=\"6731c0a\" data-element_type=\"section\" data-settings=\"{&quot;background_background&quot;:&quot;classic&quot;,&quot;shape_divider_bottom&quot;:&quot;waves&quot;}\">\n\t\t\t\t\t<div class=\"elementor-shape elementor-shape-bottom\" aria-hidden=\"true\" data-negative=\"false\">\n\t\t\t<svg xmlns=\"http:\/\/www.w3.org\/2000\/svg\" viewBox=\"0 0 1000 100\" preserveAspectRatio=\"none\">\n\t<path class=\"elementor-shape-fill\" d=\"M421.9,6.5c22.6-2.5,51.5,0.4,75.5,5.3c23.6,4.9,70.9,23.5,100.5,35.7c75.8,32.2,133.7,44.5,192.6,49.7\n\tc23.6,2.1,48.7,3.5,103.4-2.5c54.7-6,106.2-25.6,106.2-25.6V0H0v30.3c0,0,72,32.6,158.4,30.5c39.2-0.7,92.8-6.7,134-22.4\n\tc21.2-8.1,52.2-18.2,79.7-24.2C399.3,7.9,411.6,7.5,421.9,6.5z\"\/>\n<\/svg>\t\t<\/div>\n\t\t\t\t\t<div class=\"elementor-container elementor-column-gap-default\">\n\t\t\t\t\t<div class=\"elementor-column elementor-col-100 elementor-top-column elementor-element elementor-element-4574a1e\" data-id=\"4574a1e\" data-element_type=\"column\">\n\t\t\t<div class=\"elementor-widget-wrap elementor-element-populated\">\n\t\t\t\t\t\t<section class=\"elementor-section elementor-inner-section elementor-element elementor-element-fd7943b elementor-section-boxed elementor-section-height-default elementor-section-height-default\" data-id=\"fd7943b\" data-element_type=\"section\">\n\t\t\t\t\t\t<div class=\"elementor-container elementor-column-gap-default\">\n\t\t\t\t\t<div class=\"elementor-column elementor-col-50 elementor-inner-column elementor-element elementor-element-b208f81\" data-id=\"b208f81\" data-element_type=\"column\">\n\t\t\t<div class=\"elementor-widget-wrap elementor-element-populated\">\n\t\t\t\t\t\t<div class=\"elementor-element elementor-element-cf91790 elementor-widget elementor-widget-spacer\" data-id=\"cf91790\" data-element_type=\"widget\" data-widget_type=\"spacer.default\">\n\t\t\t\t<div class=\"elementor-widget-container\">\n\t\t\t\t\t\t\t<div class=\"elementor-spacer\">\n\t\t\t<div class=\"elementor-spacer-inner\"><\/div>\n\t\t<\/div>\n\t\t\t\t\t\t<\/div>\n\t\t\t\t<\/div>\n\t\t\t\t<div class=\"elementor-element elementor-element-e59bc93 elementor-widget elementor-widget-heading\" data-id=\"e59bc93\" data-element_type=\"widget\" data-widget_type=\"heading.default\">\n\t\t\t\t<div class=\"elementor-widget-container\">\n\t\t\t\t\t<h2 class=\"elementor-heading-title elementor-size-default\">Contact<\/h2>\t\t\t\t<\/div>\n\t\t\t\t<\/div>\n\t\t\t\t<div class=\"elementor-element elementor-element-af54a3d elementor-widget elementor-widget-text-editor\" data-id=\"af54a3d\" data-element_type=\"widget\" data-widget_type=\"text-editor.default\">\n\t\t\t\t<div class=\"elementor-widget-container\">\n\t\t\t\t\t\t\t\t\t<p style=\"font-size: 25px; font-style: normal; text-align: center;\">Pour toute prise de rendez-vous<\/p><p style=\"font-size: 25px; font-style: normal; text-align: center;\">ou pour la vente de cartes cadeau<\/p><p style=\"font-size: 25px; font-style: normal; text-align: center;\">merci d&rsquo;appeler au<\/p>\t\t\t\t\t\t\t\t<\/div>\n\t\t\t\t<\/div>\n\t\t\t\t<div class=\"elementor-element elementor-element-854e1d8 elementor-widget elementor-widget-text-editor\" data-id=\"854e1d8\" data-element_type=\"widget\" data-widget_type=\"text-editor.default\">\n\t\t\t\t<div class=\"elementor-widget-container\">\n\t\t\t\t\t\t\t\t\t<p>06 66 10 22 62<\/p>\t\t\t\t\t\t\t\t<\/div>\n\t\t\t\t<\/div>\n\t\t\t\t<div class=\"elementor-element elementor-element-99a4284 elementor-widget__width-initial elementor-widget elementor-widget-text-editor\" data-id=\"99a4284\" data-element_type=\"widget\" data-widget_type=\"text-editor.default\">\n\t\t\t\t<div class=\"elementor-widget-container\">\n\t\t\t\t\t\t\t\t\t<p style=\"font-size: 25px; font-style: normal; text-align: center;\">Claire Marchand<\/p><p style=\"font-size: 25px; font-style: normal; text-align: center;\">39, La Vigne<\/p><p style=\"font-size: 25px; font-style: normal; text-align: center;\">35133 LAIGNELET<span style=\"font-size: 1rem;\"><br \/><\/span><span style=\"font-size: 1rem;\">claimarchand@gmail.com<\/span><\/p>\t\t\t\t\t\t\t\t<\/div>\n\t\t\t\t<\/div>\n\t\t\t\t<div class=\"elementor-element elementor-element-461a4c4 elementor-widget__width-initial elementor-widget elementor-widget-image\" data-id=\"461a4c4\" data-element_type=\"widget\" data-widget_type=\"image.default\">\n\t\t\t\t<div class=\"elementor-widget-container\">\n\t\t\t\t\t\t\t\t\t\t\t\t\t\t\t<img fetchpriority=\"high\" decoding=\"async\" width=\"326\" height=\"310\" src=\"https:\/\/clairdelune-bienetre.fr\/wp-content\/uploads\/2024\/04\/Lotus-myrtille-sur-sable.png\" class=\"attachment-full size-full wp-image-488\" alt=\"logo de mon entreprise\" srcset=\"https:\/\/clairdelune-bienetre.fr\/wp-content\/uploads\/2024\/04\/Lotus-myrtille-sur-sable.png 326w, https:\/\/clairdelune-bienetre.fr\/wp-content\/uploads\/2024\/04\/Lotus-myrtille-sur-sable-300x285.png 300w\" sizes=\"(max-width: 326px) 100vw, 326px\" \/>\t\t\t\t\t\t\t\t\t\t\t\t\t\t\t<\/div>\n\t\t\t\t<\/div>\n\t\t\t\t\t<\/div>\n\t\t<\/div>\n\t\t\t\t<div class=\"elementor-column elementor-col-50 elementor-inner-column elementor-element elementor-element-3ac9f24\" data-id=\"3ac9f24\" data-element_type=\"column\">\n\t\t\t<div class=\"elementor-widget-wrap elementor-element-populated\">\n\t\t\t\t\t\t<div class=\"elementor-element elementor-element-3faaf48 elementor-widget elementor-widget-image\" data-id=\"3faaf48\" data-element_type=\"widget\" data-widget_type=\"image.default\">\n\t\t\t\t<div class=\"elementor-widget-container\">\n\t\t\t\t\t\t\t\t\t\t\t\t\t\t\t<img decoding=\"async\" width=\"1707\" height=\"2560\" src=\"https:\/\/clairdelune-bienetre.fr\/wp-content\/uploads\/2023\/08\/pexels-nothing-ahead-3230236-scaled.jpg\" class=\"attachment-full size-full wp-image-22\" alt=\"illustre le bien-\u00eatre\" srcset=\"https:\/\/clairdelune-bienetre.fr\/wp-content\/uploads\/2023\/08\/pexels-nothing-ahead-3230236-scaled.jpg 1707w, https:\/\/clairdelune-bienetre.fr\/wp-content\/uploads\/2023\/08\/pexels-nothing-ahead-3230236-200x300.jpg 200w, https:\/\/clairdelune-bienetre.fr\/wp-content\/uploads\/2023\/08\/pexels-nothing-ahead-3230236-683x1024.jpg 683w, https:\/\/clairdelune-bienetre.fr\/wp-content\/uploads\/2023\/08\/pexels-nothing-ahead-3230236-768x1152.jpg 768w, https:\/\/clairdelune-bienetre.fr\/wp-content\/uploads\/2023\/08\/pexels-nothing-ahead-3230236-1024x1536.jpg 1024w, https:\/\/clairdelune-bienetre.fr\/wp-content\/uploads\/2023\/08\/pexels-nothing-ahead-3230236-1365x2048.jpg 1365w\" sizes=\"(max-width: 1707px) 100vw, 1707px\" \/>\t\t\t\t\t\t\t\t\t\t\t\t\t\t\t<\/div>\n\t\t\t\t<\/div>\n\t\t\t\t\t<\/div>\n\t\t<\/div>\n\t\t\t\t\t<\/div>\n\t\t<\/section>\n\t\t\t\t\t<\/div>\n\t\t<\/div>\n\t\t\t\t\t<\/div>\n\t\t<\/section>\n\t\t\t\t<section class=\"elementor-section elementor-top-section elementor-element elementor-element-7d777e6 elementor-section-boxed elementor-section-height-default elementor-section-height-default\" data-id=\"7d777e6\" data-element_type=\"section\">\n\t\t\t\t\t\t<div class=\"elementor-container elementor-column-gap-default\">\n\t\t\t\t\t<div class=\"elementor-column elementor-col-33 elementor-top-column elementor-element elementor-element-118b720\" data-id=\"118b720\" data-element_type=\"column\">\n\t\t\t<div class=\"elementor-widget-wrap\">\n\t\t\t\t\t\t\t<\/div>\n\t\t<\/div>\n\t\t\t\t<div class=\"elementor-column elementor-col-33 elementor-top-column elementor-element elementor-element-af6b7f2\" data-id=\"af6b7f2\" data-element_type=\"column\">\n\t\t\t<div class=\"elementor-widget-wrap elementor-element-populated\">\n\t\t\t\t\t\t<div class=\"elementor-element elementor-element-942a83d elementor-widget elementor-widget-heading\" data-id=\"942a83d\" data-element_type=\"widget\" data-widget_type=\"heading.default\">\n\t\t\t\t<div class=\"elementor-widget-container\">\n\t\t\t\t\t<h2 class=\"elementor-heading-title elementor-size-default\">Horaires<\/h2>\t\t\t\t<\/div>\n\t\t\t\t<\/div>\n\t\t\t\t<div class=\"elementor-element elementor-element-fa73bfb elementor-widget elementor-widget-text-editor\" data-id=\"fa73bfb\" data-element_type=\"widget\" data-widget_type=\"text-editor.default\">\n\t\t\t\t<div class=\"elementor-widget-container\">\n\t\t\t\t\t\t\t\t\t<p>Du lundi au samedi<\/p><p>De 9h00 \u00e0 18H00<\/p>\t\t\t\t\t\t\t\t<\/div>\n\t\t\t\t<\/div>\n\t\t\t\t<div class=\"elementor-element elementor-element-d569134 elementor-view-default elementor-widget elementor-widget-icon\" data-id=\"d569134\" data-element_type=\"widget\" data-widget_type=\"icon.default\">\n\t\t\t\t<div class=\"elementor-widget-container\">\n\t\t\t\t\t\t\t<div class=\"elementor-icon-wrapper\">\n\t\t\t<div class=\"elementor-icon\">\n\t\t\t<i aria-hidden=\"true\" class=\"fas fa-star\"><\/i>\t\t\t<\/div>\n\t\t<\/div>\n\t\t\t\t\t\t<\/div>\n\t\t\t\t<\/div>\n\t\t\t\t\t<\/div>\n\t\t<\/div>\n\t\t\t\t<div class=\"elementor-column elementor-col-33 elementor-top-column elementor-element elementor-element-67d2a17\" data-id=\"67d2a17\" data-element_type=\"column\">\n\t\t\t<div class=\"elementor-widget-wrap\">\n\t\t\t\t\t\t\t<\/div>\n\t\t<\/div>\n\t\t\t\t\t<\/div>\n\t\t<\/section>\n\t\t\t\t<section class=\"elementor-section elementor-top-section elementor-element elementor-element-93d9165 elementor-section-boxed elementor-section-height-default elementor-section-height-default\" data-id=\"93d9165\" data-element_type=\"section\">\n\t\t\t\t\t\t<div class=\"elementor-container elementor-column-gap-default\">\n\t\t\t\t\t<div class=\"elementor-column elementor-col-33 elementor-top-column elementor-element elementor-element-b68e0b5\" data-id=\"b68e0b5\" data-element_type=\"column\">\n\t\t\t<div class=\"elementor-widget-wrap\">\n\t\t\t\t\t\t\t<\/div>\n\t\t<\/div>\n\t\t\t\t<div class=\"elementor-column elementor-col-33 elementor-top-column elementor-element elementor-element-03856bb\" data-id=\"03856bb\" data-element_type=\"column\">\n\t\t\t<div class=\"elementor-widget-wrap elementor-element-populated\">\n\t\t\t\t\t\t<div class=\"elementor-element elementor-element-3430226 elementor-widget elementor-widget-text-editor\" data-id=\"3430226\" data-element_type=\"widget\" data-widget_type=\"text-editor.default\">\n\t\t\t\t<div class=\"elementor-widget-container\">\n\t\t\t\t\t\t\t\t\t<p>Etant seule en cabinet,<\/p><p>merci d&rsquo;appeler avant de vous d\u00e9placer.<\/p><p>Ceci pour garantir la tranquilit\u00e9 des prestations<\/p><p>qui pourraient \u00eatre en cours !<\/p>\t\t\t\t\t\t\t\t<\/div>\n\t\t\t\t<\/div>\n\t\t\t\t<div class=\"elementor-element elementor-element-6b87408 elementor-view-default elementor-widget elementor-widget-icon\" data-id=\"6b87408\" data-element_type=\"widget\" data-widget_type=\"icon.default\">\n\t\t\t\t<div class=\"elementor-widget-container\">\n\t\t\t\t\t\t\t<div class=\"elementor-icon-wrapper\">\n\t\t\t<div class=\"elementor-icon\">\n\t\t\t<i aria-hidden=\"true\" class=\"fas fa-star\"><\/i>\t\t\t<\/div>\n\t\t<\/div>\n\t\t\t\t\t\t<\/div>\n\t\t\t\t<\/div>\n\t\t\t\t\t<\/div>\n\t\t<\/div>\n\t\t\t\t<div class=\"elementor-column elementor-col-33 elementor-top-column elementor-element elementor-element-b8cb542\" data-id=\"b8cb542\" data-element_type=\"column\">\n\t\t\t<div class=\"elementor-widget-wrap\">\n\t\t\t\t\t\t\t<\/div>\n\t\t<\/div>\n\t\t\t\t\t<\/div>\n\t\t<\/section>\n\t\t\t\t<section class=\"elementor-section elementor-top-section elementor-element elementor-element-02b1089 elementor-section-boxed elementor-section-height-default elementor-section-height-default\" data-id=\"02b1089\" data-element_type=\"section\">\n\t\t\t\t\t\t<div class=\"elementor-container elementor-column-gap-default\">\n\t\t\t\t\t<div class=\"elementor-column elementor-col-33 elementor-top-column elementor-element elementor-element-27818a0\" data-id=\"27818a0\" data-element_type=\"column\">\n\t\t\t<div class=\"elementor-widget-wrap\">\n\t\t\t\t\t\t\t<\/div>\n\t\t<\/div>\n\t\t\t\t<div class=\"elementor-column elementor-col-33 elementor-top-column elementor-element elementor-element-a2f893c\" data-id=\"a2f893c\" data-element_type=\"column\">\n\t\t\t<div class=\"elementor-widget-wrap elementor-element-populated\">\n\t\t\t\t\t\t<div class=\"elementor-element elementor-element-0185ec6 elementor-widget__width-initial elementor-widget elementor-widget-text-editor\" data-id=\"0185ec6\" data-element_type=\"widget\" data-widget_type=\"text-editor.default\">\n\t\t\t\t<div class=\"elementor-widget-container\">\n\t\t\t\t\t\t\t\t\t<p>Tous les massages propos\u00e9s ont pour unique finalit\u00e9 le bien-\u00eatre de celui qui le re\u00e7oit.\u00a0<\/p><p>En aucun cas, ils n&rsquo;ont de port\u00e9e sexuelle ou th\u00e9rapeutique.<\/p><p>Les prestations propos\u00e9es ne se substituent pas \u00e0 un diagnostic ou \u00e0 un traitement m\u00e9dical ou de kin\u00e9sith\u00e9rapie<\/p>\t\t\t\t\t\t\t\t<\/div>\n\t\t\t\t<\/div>\n\t\t\t\t\t<\/div>\n\t\t<\/div>\n\t\t\t\t<div class=\"elementor-column elementor-col-33 elementor-top-column elementor-element elementor-element-cea952c\" data-id=\"cea952c\" data-element_type=\"column\">\n\t\t\t<div class=\"elementor-widget-wrap\">\n\t\t\t\t\t\t\t<\/div>\n\t\t<\/div>\n\t\t\t\t\t<\/div>\n\t\t<\/section>\n\t\t\t\t<\/div>\n\t\t","protected":false},"excerpt":{"rendered":"<p>Contact Pour toute prise de rendez-vous ou pour la vente de cartes cadeau merci d&rsquo;appeler au 06 66 10 22 62 Claire Marchand 39, La Vigne 35133 LAIGNELETclaimarchand@gmail.com Horaires Du lundi au samedi De 9h00 \u00e0 18H00 Etant seule en cabinet, merci d&rsquo;appeler avant de vous d\u00e9placer. Ceci pour garantir la tranquilit\u00e9 des prestations qui [&hellip;]<\/p>\n","protected":false},"author":1,"featured_media":0,"parent":0,"menu_order":0,"comment_status":"closed","ping_status":"closed","template":"","meta":{"footnotes":""},"class_list":["post-326","page","type-page","status-publish","hentry"],"yoast_head":"<!-- This site is optimized with the Yoast SEO plugin v25.6 - https:\/\/yoast.com\/wordpress\/plugins\/seo\/ -->\n<title>Contact &amp; Infos - Clair de Lune Bien-\u00eatre<\/title>\n<meta name=\"description\" content=\"Obtenez les informations concernant mes horaires et pour pr\u00e9parer votre venue pour un massage en toute s\u00e9r\u00e9nit\u00e9\" \/>\n<meta name=\"robots\" content=\"index, follow, max-snippet:-1, max-image-preview:large, max-video-preview:-1\" \/>\n<link rel=\"canonical\" href=\"https:\/\/clairdelune-bienetre.fr\/index.php\/contact-2\/\" \/>\n<meta property=\"og:locale\" content=\"fr_FR\" \/>\n<meta property=\"og:type\" content=\"article\" \/>\n<meta property=\"og:title\" content=\"Contact &amp; Infos - Clair de Lune Bien-\u00eatre\" \/>\n<meta property=\"og:description\" content=\"Obtenez les informations concernant mes horaires et pour pr\u00e9parer votre venue pour un massage en toute s\u00e9r\u00e9nit\u00e9\" \/>\n<meta property=\"og:url\" content=\"https:\/\/clairdelune-bienetre.fr\/index.php\/contact-2\/\" \/>\n<meta property=\"og:site_name\" content=\"Clair de Lune Bien-\u00eatre\" \/>\n<meta property=\"article:modified_time\" content=\"2025-08-18T22:00:45+00:00\" \/>\n<meta property=\"og:image\" content=\"https:\/\/clairdelune-bienetre.fr\/wp-content\/uploads\/2024\/04\/Lotus-myrtille-sur-sable.png\" \/>\n\t<meta property=\"og:image:width\" content=\"326\" \/>\n\t<meta property=\"og:image:height\" content=\"310\" \/>\n\t<meta property=\"og:image:type\" content=\"image\/png\" \/>\n<meta name=\"twitter:card\" content=\"summary_large_image\" \/>\n<meta name=\"twitter:label1\" content=\"Dur\u00e9e de lecture estim\u00e9e\" \/>\n\t<meta name=\"twitter:data1\" content=\"1 minute\" \/>\n<script type=\"application\/ld+json\" class=\"yoast-schema-graph\">{\"@context\":\"https:\/\/schema.org\",\"@graph\":[{\"@type\":\"WebPage\",\"@id\":\"https:\/\/clairdelune-bienetre.fr\/index.php\/contact-2\/\",\"url\":\"https:\/\/clairdelune-bienetre.fr\/index.php\/contact-2\/\",\"name\":\"Contact &amp; Infos - Clair de Lune Bien-\u00eatre\",\"isPartOf\":{\"@id\":\"https:\/\/clairdelune-bienetre.fr\/#website\"},\"primaryImageOfPage\":{\"@id\":\"https:\/\/clairdelune-bienetre.fr\/index.php\/contact-2\/#primaryimage\"},\"image\":{\"@id\":\"https:\/\/clairdelune-bienetre.fr\/index.php\/contact-2\/#primaryimage\"},\"thumbnailUrl\":\"https:\/\/clairdelune-bienetre.fr\/wp-content\/uploads\/2024\/04\/Lotus-myrtille-sur-sable.png\",\"datePublished\":\"2024-03-28T20:57:27+00:00\",\"dateModified\":\"2025-08-18T22:00:45+00:00\",\"description\":\"Obtenez les informations concernant mes horaires et pour pr\u00e9parer votre venue pour un massage en toute s\u00e9r\u00e9nit\u00e9\",\"breadcrumb\":{\"@id\":\"https:\/\/clairdelune-bienetre.fr\/index.php\/contact-2\/#breadcrumb\"},\"inLanguage\":\"fr-FR\",\"potentialAction\":[{\"@type\":\"ReadAction\",\"target\":[\"https:\/\/clairdelune-bienetre.fr\/index.php\/contact-2\/\"]}]},{\"@type\":\"ImageObject\",\"inLanguage\":\"fr-FR\",\"@id\":\"https:\/\/clairdelune-bienetre.fr\/index.php\/contact-2\/#primaryimage\",\"url\":\"https:\/\/clairdelune-bienetre.fr\/wp-content\/uploads\/2024\/04\/Lotus-myrtille-sur-sable.png\",\"contentUrl\":\"https:\/\/clairdelune-bienetre.fr\/wp-content\/uploads\/2024\/04\/Lotus-myrtille-sur-sable.png\",\"width\":326,\"height\":310,\"caption\":\"logo de mon entreprise\"},{\"@type\":\"BreadcrumbList\",\"@id\":\"https:\/\/clairdelune-bienetre.fr\/index.php\/contact-2\/#breadcrumb\",\"itemListElement\":[{\"@type\":\"ListItem\",\"position\":1,\"name\":\"Accueil\",\"item\":\"https:\/\/clairdelune-bienetre.fr\/\"},{\"@type\":\"ListItem\",\"position\":2,\"name\":\"Contact &amp; Infos\"}]},{\"@type\":\"WebSite\",\"@id\":\"https:\/\/clairdelune-bienetre.fr\/#website\",\"url\":\"https:\/\/clairdelune-bienetre.fr\/\",\"name\":\"Clair de Lune Bien-\u00eatre\",\"description\":\"\",\"publisher\":{\"@id\":\"https:\/\/clairdelune-bienetre.fr\/#organization\"},\"potentialAction\":[{\"@type\":\"SearchAction\",\"target\":{\"@type\":\"EntryPoint\",\"urlTemplate\":\"https:\/\/clairdelune-bienetre.fr\/?s={search_term_string}\"},\"query-input\":{\"@type\":\"PropertyValueSpecification\",\"valueRequired\":true,\"valueName\":\"search_term_string\"}}],\"inLanguage\":\"fr-FR\"},{\"@type\":\"Organization\",\"@id\":\"https:\/\/clairdelune-bienetre.fr\/#organization\",\"name\":\"Clair de Lune Bien-\u00eatre\",\"url\":\"https:\/\/clairdelune-bienetre.fr\/\",\"logo\":{\"@type\":\"ImageObject\",\"inLanguage\":\"fr-FR\",\"@id\":\"https:\/\/clairdelune-bienetre.fr\/#\/schema\/logo\/image\/\",\"url\":\"https:\/\/clairdelune-bienetre.fr\/wp-content\/uploads\/2023\/08\/Plan-de-travail-8_1-100-1-scaled.jpg\",\"contentUrl\":\"https:\/\/clairdelune-bienetre.fr\/wp-content\/uploads\/2023\/08\/Plan-de-travail-8_1-100-1-scaled.jpg\",\"width\":2560,\"height\":1003,\"caption\":\"Clair de Lune Bien-\u00eatre\"},\"image\":{\"@id\":\"https:\/\/clairdelune-bienetre.fr\/#\/schema\/logo\/image\/\"}}]}<\/script>\n<!-- \/ Yoast SEO plugin. -->","yoast_head_json":{"title":"Contact &amp; Infos - Clair de Lune Bien-\u00eatre","description":"Obtenez les informations concernant mes horaires et pour pr\u00e9parer votre venue pour un massage en toute s\u00e9r\u00e9nit\u00e9","robots":{"index":"index","follow":"follow","max-snippet":"max-snippet:-1","max-image-preview":"max-image-preview:large","max-video-preview":"max-video-preview:-1"},"canonical":"https:\/\/clairdelune-bienetre.fr\/index.php\/contact-2\/","og_locale":"fr_FR","og_type":"article","og_title":"Contact &amp; Infos - Clair de Lune Bien-\u00eatre","og_description":"Obtenez les informations concernant mes horaires et pour pr\u00e9parer votre venue pour un massage en toute s\u00e9r\u00e9nit\u00e9","og_url":"https:\/\/clairdelune-bienetre.fr\/index.php\/contact-2\/","og_site_name":"Clair de Lune Bien-\u00eatre","article_modified_time":"2025-08-18T22:00:45+00:00","og_image":[{"width":326,"height":310,"url":"https:\/\/clairdelune-bienetre.fr\/wp-content\/uploads\/2024\/04\/Lotus-myrtille-sur-sable.png","type":"image\/png"}],"twitter_card":"summary_large_image","twitter_misc":{"Dur\u00e9e de lecture estim\u00e9e":"1 minute"},"schema":{"@context":"https:\/\/schema.org","@graph":[{"@type":"WebPage","@id":"https:\/\/clairdelune-bienetre.fr\/index.php\/contact-2\/","url":"https:\/\/clairdelune-bienetre.fr\/index.php\/contact-2\/","name":"Contact &amp; Infos - Clair de Lune Bien-\u00eatre","isPartOf":{"@id":"https:\/\/clairdelune-bienetre.fr\/#website"},"primaryImageOfPage":{"@id":"https:\/\/clairdelune-bienetre.fr\/index.php\/contact-2\/#primaryimage"},"image":{"@id":"https:\/\/clairdelune-bienetre.fr\/index.php\/contact-2\/#primaryimage"},"thumbnailUrl":"https:\/\/clairdelune-bienetre.fr\/wp-content\/uploads\/2024\/04\/Lotus-myrtille-sur-sable.png","datePublished":"2024-03-28T20:57:27+00:00","dateModified":"2025-08-18T22:00:45+00:00","description":"Obtenez les informations concernant mes horaires et pour pr\u00e9parer votre venue pour un massage en toute s\u00e9r\u00e9nit\u00e9","breadcrumb":{"@id":"https:\/\/clairdelune-bienetre.fr\/index.php\/contact-2\/#breadcrumb"},"inLanguage":"fr-FR","potentialAction":[{"@type":"ReadAction","target":["https:\/\/clairdelune-bienetre.fr\/index.php\/contact-2\/"]}]},{"@type":"ImageObject","inLanguage":"fr-FR","@id":"https:\/\/clairdelune-bienetre.fr\/index.php\/contact-2\/#primaryimage","url":"https:\/\/clairdelune-bienetre.fr\/wp-content\/uploads\/2024\/04\/Lotus-myrtille-sur-sable.png","contentUrl":"https:\/\/clairdelune-bienetre.fr\/wp-content\/uploads\/2024\/04\/Lotus-myrtille-sur-sable.png","width":326,"height":310,"caption":"logo de mon entreprise"},{"@type":"BreadcrumbList","@id":"https:\/\/clairdelune-bienetre.fr\/index.php\/contact-2\/#breadcrumb","itemListElement":[{"@type":"ListItem","position":1,"name":"Accueil","item":"https:\/\/clairdelune-bienetre.fr\/"},{"@type":"ListItem","position":2,"name":"Contact &amp; Infos"}]},{"@type":"WebSite","@id":"https:\/\/clairdelune-bienetre.fr\/#website","url":"https:\/\/clairdelune-bienetre.fr\/","name":"Clair de Lune Bien-\u00eatre","description":"","publisher":{"@id":"https:\/\/clairdelune-bienetre.fr\/#organization"},"potentialAction":[{"@type":"SearchAction","target":{"@type":"EntryPoint","urlTemplate":"https:\/\/clairdelune-bienetre.fr\/?s={search_term_string}"},"query-input":{"@type":"PropertyValueSpecification","valueRequired":true,"valueName":"search_term_string"}}],"inLanguage":"fr-FR"},{"@type":"Organization","@id":"https:\/\/clairdelune-bienetre.fr\/#organization","name":"Clair de Lune Bien-\u00eatre","url":"https:\/\/clairdelune-bienetre.fr\/","logo":{"@type":"ImageObject","inLanguage":"fr-FR","@id":"https:\/\/clairdelune-bienetre.fr\/#\/schema\/logo\/image\/","url":"https:\/\/clairdelune-bienetre.fr\/wp-content\/uploads\/2023\/08\/Plan-de-travail-8_1-100-1-scaled.jpg","contentUrl":"https:\/\/clairdelune-bienetre.fr\/wp-content\/uploads\/2023\/08\/Plan-de-travail-8_1-100-1-scaled.jpg","width":2560,"height":1003,"caption":"Clair de Lune Bien-\u00eatre"},"image":{"@id":"https:\/\/clairdelune-bienetre.fr\/#\/schema\/logo\/image\/"}}]}},"_links":{"self":[{"href":"https:\/\/clairdelune-bienetre.fr\/index.php\/wp-json\/wp\/v2\/pages\/326","targetHints":{"allow":["GET"]}}],"collection":[{"href":"https:\/\/clairdelune-bienetre.fr\/index.php\/wp-json\/wp\/v2\/pages"}],"about":[{"href":"https:\/\/clairdelune-bienetre.fr\/index.php\/wp-json\/wp\/v2\/types\/page"}],"author":[{"embeddable":true,"href":"https:\/\/clairdelune-bienetre.fr\/index.php\/wp-json\/wp\/v2\/users\/1"}],"replies":[{"embeddable":true,"href":"https:\/\/clairdelune-bienetre.fr\/index.php\/wp-json\/wp\/v2\/comments?post=326"}],"version-history":[{"count":59,"href":"https:\/\/clairdelune-bienetre.fr\/index.php\/wp-json\/wp\/v2\/pages\/326\/revisions"}],"predecessor-version":[{"id":1173,"href":"https:\/\/clairdelune-bienetre.fr\/index.php\/wp-json\/wp\/v2\/pages\/326\/revisions\/1173"}],"wp:attachment":[{"href":"https:\/\/clairdelune-bienetre.fr\/index.php\/wp-json\/wp\/v2\/media?parent=326"}],"curies":[{"name":"wp","href":"https:\/\/api.w.org\/{rel}","templated":true}]}}