{"id":720,"date":"2024-05-21T17:18:41","date_gmt":"2024-05-21T15:18:41","guid":{"rendered":"https:\/\/clairdelune-bienetre.fr\/?page_id=720"},"modified":"2025-08-07T01:18:55","modified_gmt":"2025-08-06T23:18:55","slug":"detente-du-dos","status":"publish","type":"page","link":"https:\/\/clairdelune-bienetre.fr\/index.php\/detente-du-dos\/","title":{"rendered":"D\u00e9tente du dos"},"content":{"rendered":"\t\t<div data-elementor-type=\"wp-page\" data-elementor-id=\"720\" class=\"elementor elementor-720\">\n\t\t\t\t\t\t<section class=\"elementor-section elementor-top-section elementor-element elementor-element-422ec19 elementor-section-boxed elementor-section-height-default elementor-section-height-default\" data-id=\"422ec19\" data-element_type=\"section\">\n\t\t\t\t\t\t<div class=\"elementor-container elementor-column-gap-default\">\n\t\t\t\t\t<div class=\"elementor-column elementor-col-100 elementor-top-column elementor-element elementor-element-636b4ce\" data-id=\"636b4ce\" data-element_type=\"column\">\n\t\t\t<div class=\"elementor-widget-wrap\">\n\t\t\t\t\t\t\t<\/div>\n\t\t<\/div>\n\t\t\t\t\t<\/div>\n\t\t<\/section>\n\t\t\t\t<section class=\"elementor-section elementor-top-section elementor-element elementor-element-4e2d1d5 elementor-section-boxed elementor-section-height-default elementor-section-height-default\" data-id=\"4e2d1d5\" data-element_type=\"section\" data-settings=\"{&quot;background_background&quot;:&quot;classic&quot;,&quot;shape_divider_bottom&quot;:&quot;waves&quot;}\">\n\t\t\t\t\t<div class=\"elementor-shape elementor-shape-bottom\" aria-hidden=\"true\" data-negative=\"false\">\n\t\t\t<svg xmlns=\"http:\/\/www.w3.org\/2000\/svg\" viewBox=\"0 0 1000 100\" preserveAspectRatio=\"none\">\n\t<path class=\"elementor-shape-fill\" d=\"M421.9,6.5c22.6-2.5,51.5,0.4,75.5,5.3c23.6,4.9,70.9,23.5,100.5,35.7c75.8,32.2,133.7,44.5,192.6,49.7\n\tc23.6,2.1,48.7,3.5,103.4-2.5c54.7-6,106.2-25.6,106.2-25.6V0H0v30.3c0,0,72,32.6,158.4,30.5c39.2-0.7,92.8-6.7,134-22.4\n\tc21.2-8.1,52.2-18.2,79.7-24.2C399.3,7.9,411.6,7.5,421.9,6.5z\"\/>\n<\/svg>\t\t<\/div>\n\t\t\t\t\t<div class=\"elementor-container elementor-column-gap-default\">\n\t\t\t\t\t<div class=\"elementor-column elementor-col-100 elementor-top-column elementor-element elementor-element-de84439\" data-id=\"de84439\" data-element_type=\"column\">\n\t\t\t<div class=\"elementor-widget-wrap elementor-element-populated\">\n\t\t\t\t\t\t<section class=\"elementor-section elementor-inner-section elementor-element elementor-element-39df386 elementor-section-boxed elementor-section-height-default elementor-section-height-default\" data-id=\"39df386\" data-element_type=\"section\">\n\t\t\t\t\t\t<div class=\"elementor-container elementor-column-gap-default\">\n\t\t\t\t\t<div class=\"elementor-column elementor-col-50 elementor-inner-column elementor-element elementor-element-2f790de\" data-id=\"2f790de\" data-element_type=\"column\">\n\t\t\t<div class=\"elementor-widget-wrap elementor-element-populated\">\n\t\t\t\t\t\t<div class=\"elementor-element elementor-element-db06cc9 elementor-widget elementor-widget-spacer\" data-id=\"db06cc9\" data-element_type=\"widget\" data-widget_type=\"spacer.default\">\n\t\t\t\t<div class=\"elementor-widget-container\">\n\t\t\t\t\t\t\t<div class=\"elementor-spacer\">\n\t\t\t<div class=\"elementor-spacer-inner\"><\/div>\n\t\t<\/div>\n\t\t\t\t\t\t<\/div>\n\t\t\t\t<\/div>\n\t\t\t\t<div class=\"elementor-element elementor-element-cbe515b elementor-widget elementor-widget-heading\" data-id=\"cbe515b\" data-element_type=\"widget\" data-widget_type=\"heading.default\">\n\t\t\t\t<div class=\"elementor-widget-container\">\n\t\t\t\t\t<h2 class=\"elementor-heading-title elementor-size-default\">D\u00e9tente du dos<\/h2>\t\t\t\t<\/div>\n\t\t\t\t<\/div>\n\t\t\t\t<div class=\"elementor-element elementor-element-c9e4885 elementor-widget__width-initial elementor-widget elementor-widget-image\" data-id=\"c9e4885\" data-element_type=\"widget\" data-widget_type=\"image.default\">\n\t\t\t\t<div class=\"elementor-widget-container\">\n\t\t\t\t\t\t\t\t\t\t\t\t\t\t\t<img fetchpriority=\"high\" decoding=\"async\" width=\"326\" height=\"310\" src=\"https:\/\/clairdelune-bienetre.fr\/wp-content\/uploads\/2024\/04\/Lotus-myrtille-sur-sable.png\" class=\"attachment-large size-large wp-image-488\" alt=\"logo de mon entreprise\" srcset=\"https:\/\/clairdelune-bienetre.fr\/wp-content\/uploads\/2024\/04\/Lotus-myrtille-sur-sable.png 326w, https:\/\/clairdelune-bienetre.fr\/wp-content\/uploads\/2024\/04\/Lotus-myrtille-sur-sable-300x285.png 300w\" sizes=\"(max-width: 326px) 100vw, 326px\" \/>\t\t\t\t\t\t\t\t\t\t\t\t\t\t\t<\/div>\n\t\t\t\t<\/div>\n\t\t\t\t<div class=\"elementor-element elementor-element-768ee44 elementor-widget elementor-widget-spacer\" data-id=\"768ee44\" data-element_type=\"widget\" data-widget_type=\"spacer.default\">\n\t\t\t\t<div class=\"elementor-widget-container\">\n\t\t\t\t\t\t\t<div class=\"elementor-spacer\">\n\t\t\t<div class=\"elementor-spacer-inner\"><\/div>\n\t\t<\/div>\n\t\t\t\t\t\t<\/div>\n\t\t\t\t<\/div>\n\t\t\t\t\t<\/div>\n\t\t<\/div>\n\t\t\t\t<div class=\"elementor-column elementor-col-50 elementor-inner-column elementor-element elementor-element-3819707\" data-id=\"3819707\" data-element_type=\"column\">\n\t\t\t<div class=\"elementor-widget-wrap elementor-element-populated\">\n\t\t\t\t\t\t<div class=\"elementor-element elementor-element-338c578 elementor-widget__width-initial elementor-widget-mobile__width-initial elementor-widget elementor-widget-image\" data-id=\"338c578\" data-element_type=\"widget\" data-widget_type=\"image.default\">\n\t\t\t\t<div class=\"elementor-widget-container\">\n\t\t\t\t\t\t\t\t\t\t\t\t\t\t\t<img decoding=\"async\" width=\"800\" height=\"966\" src=\"https:\/\/clairdelune-bienetre.fr\/wp-content\/uploads\/2024\/05\/PHOTO-2024-05-08-19-28-03-848x1024.jpg\" class=\"attachment-large size-large wp-image-644\" alt=\"massage\" srcset=\"https:\/\/clairdelune-bienetre.fr\/wp-content\/uploads\/2024\/05\/PHOTO-2024-05-08-19-28-03-848x1024.jpg 848w, https:\/\/clairdelune-bienetre.fr\/wp-content\/uploads\/2024\/05\/PHOTO-2024-05-08-19-28-03-248x300.jpg 248w, https:\/\/clairdelune-bienetre.fr\/wp-content\/uploads\/2024\/05\/PHOTO-2024-05-08-19-28-03-768x927.jpg 768w, https:\/\/clairdelune-bienetre.fr\/wp-content\/uploads\/2024\/05\/PHOTO-2024-05-08-19-28-03-1272x1536.jpg 1272w, https:\/\/clairdelune-bienetre.fr\/wp-content\/uploads\/2024\/05\/PHOTO-2024-05-08-19-28-03.jpg 1325w\" sizes=\"(max-width: 800px) 100vw, 800px\" \/>\t\t\t\t\t\t\t\t\t\t\t\t\t\t\t<\/div>\n\t\t\t\t<\/div>\n\t\t\t\t\t<\/div>\n\t\t<\/div>\n\t\t\t\t\t<\/div>\n\t\t<\/section>\n\t\t\t\t\t<\/div>\n\t\t<\/div>\n\t\t\t\t\t<\/div>\n\t\t<\/section>\n\t\t\t\t<section class=\"elementor-section elementor-top-section elementor-element elementor-element-9f9e391 elementor-section-boxed elementor-section-height-default elementor-section-height-default\" data-id=\"9f9e391\" data-element_type=\"section\">\n\t\t\t\t\t\t<div class=\"elementor-container elementor-column-gap-default\">\n\t\t\t\t\t<div class=\"elementor-column elementor-col-100 elementor-top-column elementor-element elementor-element-f9e2577\" data-id=\"f9e2577\" data-element_type=\"column\">\n\t\t\t<div class=\"elementor-widget-wrap\">\n\t\t\t\t\t\t\t<\/div>\n\t\t<\/div>\n\t\t\t\t\t<\/div>\n\t\t<\/section>\n\t\t\t\t<section class=\"elementor-section elementor-top-section elementor-element elementor-element-6a2cd75 elementor-section-boxed elementor-section-height-default elementor-section-height-default\" data-id=\"6a2cd75\" data-element_type=\"section\">\n\t\t\t\t\t\t<div class=\"elementor-container elementor-column-gap-default\">\n\t\t\t\t\t<div class=\"elementor-column elementor-col-66 elementor-top-column elementor-element elementor-element-6cd06fa\" data-id=\"6cd06fa\" data-element_type=\"column\">\n\t\t\t<div class=\"elementor-widget-wrap elementor-element-populated\">\n\t\t\t\t\t\t<div class=\"elementor-element elementor-element-530dd9c elementor-widget elementor-widget-text-editor\" data-id=\"530dd9c\" data-element_type=\"widget\" data-widget_type=\"text-editor.default\">\n\t\t\t\t<div class=\"elementor-widget-container\">\n\t\t\t\t\t\t\t\t\t<p>Du fait de nos modes de vie et de nos postures, le dos est la principale zone soumise aux tensions et contractures.\u00a0<\/p><p>Je vous propose cette formule en 30 minutes. Apr\u00e8s une d\u00e9tente globale du dos entier, je pars \u00e0 la recherche des vos points de tensions.\u00a0 Je travaillerai chaque zone du dos avec une pression progressive:<\/p>\t\t\t\t\t\t\t\t<\/div>\n\t\t\t\t<\/div>\n\t\t\t\t\t<\/div>\n\t\t<\/div>\n\t\t\t\t<div class=\"elementor-column elementor-col-33 elementor-top-column elementor-element elementor-element-7327001\" data-id=\"7327001\" data-element_type=\"column\">\n\t\t\t<div class=\"elementor-widget-wrap\">\n\t\t\t\t\t\t\t<\/div>\n\t\t<\/div>\n\t\t\t\t\t<\/div>\n\t\t<\/section>\n\t\t\t\t<section class=\"elementor-section elementor-top-section elementor-element elementor-element-59d9fd3 elementor-section-boxed elementor-section-height-default elementor-section-height-default\" data-id=\"59d9fd3\" data-element_type=\"section\">\n\t\t\t\t\t\t<div class=\"elementor-container elementor-column-gap-default\">\n\t\t\t\t\t<div class=\"elementor-column elementor-col-66 elementor-top-column elementor-element elementor-element-6e3d8a0\" data-id=\"6e3d8a0\" data-element_type=\"column\">\n\t\t\t<div class=\"elementor-widget-wrap elementor-element-populated\">\n\t\t\t\t\t\t<div class=\"elementor-element elementor-element-2526db9 elementor-widget elementor-widget-text-editor\" data-id=\"2526db9\" data-element_type=\"widget\" data-widget_type=\"text-editor.default\">\n\t\t\t\t<div class=\"elementor-widget-container\">\n\t\t\t\t\t\t\t\t\t<ul><li>Zone lombaire et sacrum<\/li><li>Paravert\u00e9braux<\/li><li>Tour des omoplates (scapulas doit-on dire maintenant ;))<\/li><li>Trap\u00e8zes<\/li><li>Cou et cervicales<\/li><\/ul>\t\t\t\t\t\t\t\t<\/div>\n\t\t\t\t<\/div>\n\t\t\t\t\t<\/div>\n\t\t<\/div>\n\t\t\t\t<div class=\"elementor-column elementor-col-33 elementor-top-column elementor-element elementor-element-b1bfdce\" data-id=\"b1bfdce\" data-element_type=\"column\">\n\t\t\t<div class=\"elementor-widget-wrap\">\n\t\t\t\t\t\t\t<\/div>\n\t\t<\/div>\n\t\t\t\t\t<\/div>\n\t\t<\/section>\n\t\t\t\t<section class=\"elementor-section elementor-top-section elementor-element elementor-element-4c5f987 elementor-section-boxed elementor-section-height-default elementor-section-height-default\" data-id=\"4c5f987\" data-element_type=\"section\">\n\t\t\t\t\t\t<div class=\"elementor-container elementor-column-gap-default\">\n\t\t\t\t\t<div class=\"elementor-column elementor-col-100 elementor-top-column elementor-element elementor-element-de3a445\" data-id=\"de3a445\" data-element_type=\"column\">\n\t\t\t<div class=\"elementor-widget-wrap elementor-element-populated\">\n\t\t\t\t\t\t<div class=\"elementor-element elementor-element-9fee568 elementor-widget elementor-widget-text-editor\" data-id=\"9fee568\" data-element_type=\"widget\" data-widget_type=\"text-editor.default\">\n\t\t\t\t<div class=\"elementor-widget-container\">\n\t\t\t\t\t\t\t\t\t<p>Je choisirai les manoeuvres les plus appropri\u00e9es pour vous apporter la d\u00e9tente musculaire dont vous avez besoin. C&rsquo;est un soin sur mesure o\u00f9 je pioche dans ma boite \u00e0 surprises les meilleurs mouvements pour vous relaxer efficacement!<\/p>\t\t\t\t\t\t\t\t<\/div>\n\t\t\t\t<\/div>\n\t\t\t\t\t<\/div>\n\t\t<\/div>\n\t\t\t\t\t<\/div>\n\t\t<\/section>\n\t\t\t\t<section class=\"elementor-section elementor-top-section elementor-element elementor-element-1f9ab54 elementor-section-boxed elementor-section-height-default elementor-section-height-default\" data-id=\"1f9ab54\" data-element_type=\"section\">\n\t\t\t\t\t\t<div class=\"elementor-container elementor-column-gap-default\">\n\t\t\t\t\t<div class=\"elementor-column elementor-col-33 elementor-top-column elementor-element elementor-element-e630b1f\" data-id=\"e630b1f\" data-element_type=\"column\">\n\t\t\t<div class=\"elementor-widget-wrap\">\n\t\t\t\t\t\t\t<\/div>\n\t\t<\/div>\n\t\t\t\t<div class=\"elementor-column elementor-col-33 elementor-top-column elementor-element elementor-element-17f8cc4\" data-id=\"17f8cc4\" data-element_type=\"column\">\n\t\t\t<div class=\"elementor-widget-wrap elementor-element-populated\">\n\t\t\t\t\t\t<div class=\"elementor-element elementor-element-2c109a7 elementor-widget elementor-widget-button\" data-id=\"2c109a7\" data-element_type=\"widget\" data-widget_type=\"button.default\">\n\t\t\t\t<div class=\"elementor-widget-container\">\n\t\t\t\t\t\t\t\t\t<div class=\"elementor-button-wrapper\">\n\t\t\t\t\t<a class=\"elementor-button elementor-button-link elementor-size-sm\" href=\"https:\/\/clairdelune-bienetre.fr\/index.php\/contact-2\/\">\n\t\t\t\t\t\t<span class=\"elementor-button-content-wrapper\">\n\t\t\t\t\t\t<span class=\"elementor-button-icon\">\n\t\t\t\t<i aria-hidden=\"true\" class=\"far fa-comment-dots\"><\/i>\t\t\t<\/span>\n\t\t\t\t\t\t\t\t\t<span class=\"elementor-button-text\">Me contacter <\/span>\n\t\t\t\t\t<\/span>\n\t\t\t\t\t<\/a>\n\t\t\t\t<\/div>\n\t\t\t\t\t\t\t\t<\/div>\n\t\t\t\t<\/div>\n\t\t\t\t\t<\/div>\n\t\t<\/div>\n\t\t\t\t<div class=\"elementor-column elementor-col-33 elementor-top-column elementor-element elementor-element-b25ffe4\" data-id=\"b25ffe4\" data-element_type=\"column\">\n\t\t\t<div class=\"elementor-widget-wrap\">\n\t\t\t\t\t\t\t<\/div>\n\t\t<\/div>\n\t\t\t\t\t<\/div>\n\t\t<\/section>\n\t\t\t\t<\/div>\n\t\t","protected":false},"excerpt":{"rendered":"<p>D\u00e9tente du dos Du fait de nos modes de vie et de nos postures, le dos est la principale zone soumise aux tensions et contractures.\u00a0 Je vous propose cette formule en 30 minutes. Apr\u00e8s une d\u00e9tente globale du dos entier, je pars \u00e0 la recherche des vos points de tensions.\u00a0 Je travaillerai chaque zone du [&hellip;]<\/p>\n","protected":false},"author":1,"featured_media":0,"parent":0,"menu_order":0,"comment_status":"closed","ping_status":"closed","template":"","meta":{"footnotes":""},"class_list":["post-720","page","type-page","status-publish","hentry"],"yoast_head":"<!-- This site is optimized with the Yoast SEO plugin v25.6 - https:\/\/yoast.com\/wordpress\/plugins\/seo\/ -->\n<title>D\u00e9tente du dos - Clair de Lune Bien-\u00eatre<\/title>\n<meta name=\"description\" content=\"La &quot;d\u00e9tente du dos&quot; est un soin sur mesure ou je travaillerai vos tensions pour vous apporter d\u00e9tente musculaire et relaxation.\" \/>\n<meta name=\"robots\" content=\"index, follow, max-snippet:-1, max-image-preview:large, max-video-preview:-1\" \/>\n<link rel=\"canonical\" href=\"https:\/\/clairdelune-bienetre.fr\/index.php\/detente-du-dos\/\" \/>\n<meta property=\"og:locale\" content=\"fr_FR\" \/>\n<meta property=\"og:type\" content=\"article\" \/>\n<meta property=\"og:title\" content=\"D\u00e9tente du dos - Clair de Lune Bien-\u00eatre\" \/>\n<meta property=\"og:description\" content=\"La &quot;d\u00e9tente du dos&quot; est un soin sur mesure ou je travaillerai vos tensions pour vous apporter d\u00e9tente musculaire et relaxation.\" \/>\n<meta property=\"og:url\" content=\"https:\/\/clairdelune-bienetre.fr\/index.php\/detente-du-dos\/\" \/>\n<meta property=\"og:site_name\" content=\"Clair de Lune Bien-\u00eatre\" \/>\n<meta property=\"article:modified_time\" content=\"2025-08-06T23:18:55+00:00\" \/>\n<meta property=\"og:image\" content=\"https:\/\/clairdelune-bienetre.fr\/wp-content\/uploads\/2024\/04\/Lotus-myrtille-sur-sable.png\" \/>\n\t<meta property=\"og:image:width\" content=\"326\" \/>\n\t<meta property=\"og:image:height\" content=\"310\" \/>\n\t<meta property=\"og:image:type\" content=\"image\/png\" \/>\n<meta name=\"twitter:card\" content=\"summary_large_image\" \/>\n<meta name=\"twitter:label1\" content=\"Dur\u00e9e de lecture estim\u00e9e\" \/>\n\t<meta name=\"twitter:data1\" content=\"1 minute\" \/>\n<script type=\"application\/ld+json\" class=\"yoast-schema-graph\">{\"@context\":\"https:\/\/schema.org\",\"@graph\":[{\"@type\":\"WebPage\",\"@id\":\"https:\/\/clairdelune-bienetre.fr\/index.php\/detente-du-dos\/\",\"url\":\"https:\/\/clairdelune-bienetre.fr\/index.php\/detente-du-dos\/\",\"name\":\"D\u00e9tente du dos - Clair de Lune Bien-\u00eatre\",\"isPartOf\":{\"@id\":\"https:\/\/clairdelune-bienetre.fr\/#website\"},\"primaryImageOfPage\":{\"@id\":\"https:\/\/clairdelune-bienetre.fr\/index.php\/detente-du-dos\/#primaryimage\"},\"image\":{\"@id\":\"https:\/\/clairdelune-bienetre.fr\/index.php\/detente-du-dos\/#primaryimage\"},\"thumbnailUrl\":\"https:\/\/clairdelune-bienetre.fr\/wp-content\/uploads\/2024\/04\/Lotus-myrtille-sur-sable.png\",\"datePublished\":\"2024-05-21T15:18:41+00:00\",\"dateModified\":\"2025-08-06T23:18:55+00:00\",\"description\":\"La \\\"d\u00e9tente du dos\\\" est un soin sur mesure ou je travaillerai vos tensions pour vous apporter d\u00e9tente musculaire et relaxation.\",\"breadcrumb\":{\"@id\":\"https:\/\/clairdelune-bienetre.fr\/index.php\/detente-du-dos\/#breadcrumb\"},\"inLanguage\":\"fr-FR\",\"potentialAction\":[{\"@type\":\"ReadAction\",\"target\":[\"https:\/\/clairdelune-bienetre.fr\/index.php\/detente-du-dos\/\"]}]},{\"@type\":\"ImageObject\",\"inLanguage\":\"fr-FR\",\"@id\":\"https:\/\/clairdelune-bienetre.fr\/index.php\/detente-du-dos\/#primaryimage\",\"url\":\"https:\/\/clairdelune-bienetre.fr\/wp-content\/uploads\/2024\/04\/Lotus-myrtille-sur-sable.png\",\"contentUrl\":\"https:\/\/clairdelune-bienetre.fr\/wp-content\/uploads\/2024\/04\/Lotus-myrtille-sur-sable.png\",\"width\":326,\"height\":310,\"caption\":\"logo de mon entreprise\"},{\"@type\":\"BreadcrumbList\",\"@id\":\"https:\/\/clairdelune-bienetre.fr\/index.php\/detente-du-dos\/#breadcrumb\",\"itemListElement\":[{\"@type\":\"ListItem\",\"position\":1,\"name\":\"Accueil\",\"item\":\"https:\/\/clairdelune-bienetre.fr\/\"},{\"@type\":\"ListItem\",\"position\":2,\"name\":\"D\u00e9tente du dos\"}]},{\"@type\":\"WebSite\",\"@id\":\"https:\/\/clairdelune-bienetre.fr\/#website\",\"url\":\"https:\/\/clairdelune-bienetre.fr\/\",\"name\":\"Clair de Lune Bien-\u00eatre\",\"description\":\"\",\"publisher\":{\"@id\":\"https:\/\/clairdelune-bienetre.fr\/#organization\"},\"potentialAction\":[{\"@type\":\"SearchAction\",\"target\":{\"@type\":\"EntryPoint\",\"urlTemplate\":\"https:\/\/clairdelune-bienetre.fr\/?s={search_term_string}\"},\"query-input\":{\"@type\":\"PropertyValueSpecification\",\"valueRequired\":true,\"valueName\":\"search_term_string\"}}],\"inLanguage\":\"fr-FR\"},{\"@type\":\"Organization\",\"@id\":\"https:\/\/clairdelune-bienetre.fr\/#organization\",\"name\":\"Clair de Lune Bien-\u00eatre\",\"url\":\"https:\/\/clairdelune-bienetre.fr\/\",\"logo\":{\"@type\":\"ImageObject\",\"inLanguage\":\"fr-FR\",\"@id\":\"https:\/\/clairdelune-bienetre.fr\/#\/schema\/logo\/image\/\",\"url\":\"https:\/\/clairdelune-bienetre.fr\/wp-content\/uploads\/2023\/08\/Plan-de-travail-8_1-100-1-scaled.jpg\",\"contentUrl\":\"https:\/\/clairdelune-bienetre.fr\/wp-content\/uploads\/2023\/08\/Plan-de-travail-8_1-100-1-scaled.jpg\",\"width\":2560,\"height\":1003,\"caption\":\"Clair de Lune Bien-\u00eatre\"},\"image\":{\"@id\":\"https:\/\/clairdelune-bienetre.fr\/#\/schema\/logo\/image\/\"}}]}<\/script>\n<!-- \/ Yoast SEO plugin. -->","yoast_head_json":{"title":"D\u00e9tente du dos - Clair de Lune Bien-\u00eatre","description":"La \"d\u00e9tente du dos\" est un soin sur mesure ou je travaillerai vos tensions pour vous apporter d\u00e9tente musculaire et relaxation.","robots":{"index":"index","follow":"follow","max-snippet":"max-snippet:-1","max-image-preview":"max-image-preview:large","max-video-preview":"max-video-preview:-1"},"canonical":"https:\/\/clairdelune-bienetre.fr\/index.php\/detente-du-dos\/","og_locale":"fr_FR","og_type":"article","og_title":"D\u00e9tente du dos - Clair de Lune Bien-\u00eatre","og_description":"La \"d\u00e9tente du dos\" est un soin sur mesure ou je travaillerai vos tensions pour vous apporter d\u00e9tente musculaire et relaxation.","og_url":"https:\/\/clairdelune-bienetre.fr\/index.php\/detente-du-dos\/","og_site_name":"Clair de Lune Bien-\u00eatre","article_modified_time":"2025-08-06T23:18:55+00:00","og_image":[{"width":326,"height":310,"url":"https:\/\/clairdelune-bienetre.fr\/wp-content\/uploads\/2024\/04\/Lotus-myrtille-sur-sable.png","type":"image\/png"}],"twitter_card":"summary_large_image","twitter_misc":{"Dur\u00e9e de lecture estim\u00e9e":"1 minute"},"schema":{"@context":"https:\/\/schema.org","@graph":[{"@type":"WebPage","@id":"https:\/\/clairdelune-bienetre.fr\/index.php\/detente-du-dos\/","url":"https:\/\/clairdelune-bienetre.fr\/index.php\/detente-du-dos\/","name":"D\u00e9tente du dos - Clair de Lune Bien-\u00eatre","isPartOf":{"@id":"https:\/\/clairdelune-bienetre.fr\/#website"},"primaryImageOfPage":{"@id":"https:\/\/clairdelune-bienetre.fr\/index.php\/detente-du-dos\/#primaryimage"},"image":{"@id":"https:\/\/clairdelune-bienetre.fr\/index.php\/detente-du-dos\/#primaryimage"},"thumbnailUrl":"https:\/\/clairdelune-bienetre.fr\/wp-content\/uploads\/2024\/04\/Lotus-myrtille-sur-sable.png","datePublished":"2024-05-21T15:18:41+00:00","dateModified":"2025-08-06T23:18:55+00:00","description":"La \"d\u00e9tente du dos\" est un soin sur mesure ou je travaillerai vos tensions pour vous apporter d\u00e9tente musculaire et relaxation.","breadcrumb":{"@id":"https:\/\/clairdelune-bienetre.fr\/index.php\/detente-du-dos\/#breadcrumb"},"inLanguage":"fr-FR","potentialAction":[{"@type":"ReadAction","target":["https:\/\/clairdelune-bienetre.fr\/index.php\/detente-du-dos\/"]}]},{"@type":"ImageObject","inLanguage":"fr-FR","@id":"https:\/\/clairdelune-bienetre.fr\/index.php\/detente-du-dos\/#primaryimage","url":"https:\/\/clairdelune-bienetre.fr\/wp-content\/uploads\/2024\/04\/Lotus-myrtille-sur-sable.png","contentUrl":"https:\/\/clairdelune-bienetre.fr\/wp-content\/uploads\/2024\/04\/Lotus-myrtille-sur-sable.png","width":326,"height":310,"caption":"logo de mon entreprise"},{"@type":"BreadcrumbList","@id":"https:\/\/clairdelune-bienetre.fr\/index.php\/detente-du-dos\/#breadcrumb","itemListElement":[{"@type":"ListItem","position":1,"name":"Accueil","item":"https:\/\/clairdelune-bienetre.fr\/"},{"@type":"ListItem","position":2,"name":"D\u00e9tente du dos"}]},{"@type":"WebSite","@id":"https:\/\/clairdelune-bienetre.fr\/#website","url":"https:\/\/clairdelune-bienetre.fr\/","name":"Clair de Lune Bien-\u00eatre","description":"","publisher":{"@id":"https:\/\/clairdelune-bienetre.fr\/#organization"},"potentialAction":[{"@type":"SearchAction","target":{"@type":"EntryPoint","urlTemplate":"https:\/\/clairdelune-bienetre.fr\/?s={search_term_string}"},"query-input":{"@type":"PropertyValueSpecification","valueRequired":true,"valueName":"search_term_string"}}],"inLanguage":"fr-FR"},{"@type":"Organization","@id":"https:\/\/clairdelune-bienetre.fr\/#organization","name":"Clair de Lune Bien-\u00eatre","url":"https:\/\/clairdelune-bienetre.fr\/","logo":{"@type":"ImageObject","inLanguage":"fr-FR","@id":"https:\/\/clairdelune-bienetre.fr\/#\/schema\/logo\/image\/","url":"https:\/\/clairdelune-bienetre.fr\/wp-content\/uploads\/2023\/08\/Plan-de-travail-8_1-100-1-scaled.jpg","contentUrl":"https:\/\/clairdelune-bienetre.fr\/wp-content\/uploads\/2023\/08\/Plan-de-travail-8_1-100-1-scaled.jpg","width":2560,"height":1003,"caption":"Clair de Lune Bien-\u00eatre"},"image":{"@id":"https:\/\/clairdelune-bienetre.fr\/#\/schema\/logo\/image\/"}}]}},"_links":{"self":[{"href":"https:\/\/clairdelune-bienetre.fr\/index.php\/wp-json\/wp\/v2\/pages\/720","targetHints":{"allow":["GET"]}}],"collection":[{"href":"https:\/\/clairdelune-bienetre.fr\/index.php\/wp-json\/wp\/v2\/pages"}],"about":[{"href":"https:\/\/clairdelune-bienetre.fr\/index.php\/wp-json\/wp\/v2\/types\/page"}],"author":[{"embeddable":true,"href":"https:\/\/clairdelune-bienetre.fr\/index.php\/wp-json\/wp\/v2\/users\/1"}],"replies":[{"embeddable":true,"href":"https:\/\/clairdelune-bienetre.fr\/index.php\/wp-json\/wp\/v2\/comments?post=720"}],"version-history":[{"count":14,"href":"https:\/\/clairdelune-bienetre.fr\/index.php\/wp-json\/wp\/v2\/pages\/720\/revisions"}],"predecessor-version":[{"id":1148,"href":"https:\/\/clairdelune-bienetre.fr\/index.php\/wp-json\/wp\/v2\/pages\/720\/revisions\/1148"}],"wp:attachment":[{"href":"https:\/\/clairdelune-bienetre.fr\/index.php\/wp-json\/wp\/v2\/media?parent=720"}],"curies":[{"name":"wp","href":"https:\/\/api.w.org\/{rel}","templated":true}]}}