{"id":74,"date":"2024-02-27T20:39:24","date_gmt":"2024-02-27T19:39:24","guid":{"rendered":"https:\/\/clairdelune-bienetre.fr\/?page_id=74"},"modified":"2025-08-07T01:11:38","modified_gmt":"2025-08-06T23:11:38","slug":"le-lomi-lomi","status":"publish","type":"page","link":"https:\/\/clairdelune-bienetre.fr\/index.php\/le-lomi-lomi\/","title":{"rendered":"Le Lomi-Lomi"},"content":{"rendered":"\t\t<div data-elementor-type=\"wp-page\" data-elementor-id=\"74\" class=\"elementor elementor-74\">\n\t\t\t\t\t\t<section class=\"elementor-section elementor-top-section elementor-element elementor-element-3105a62 elementor-section-boxed elementor-section-height-default elementor-section-height-default\" data-id=\"3105a62\" data-element_type=\"section\" data-settings=\"{&quot;background_background&quot;:&quot;classic&quot;,&quot;shape_divider_bottom&quot;:&quot;waves&quot;}\">\n\t\t\t\t\t<div class=\"elementor-shape elementor-shape-bottom\" aria-hidden=\"true\" data-negative=\"false\">\n\t\t\t<svg xmlns=\"http:\/\/www.w3.org\/2000\/svg\" viewBox=\"0 0 1000 100\" preserveAspectRatio=\"none\">\n\t<path class=\"elementor-shape-fill\" d=\"M421.9,6.5c22.6-2.5,51.5,0.4,75.5,5.3c23.6,4.9,70.9,23.5,100.5,35.7c75.8,32.2,133.7,44.5,192.6,49.7\n\tc23.6,2.1,48.7,3.5,103.4-2.5c54.7-6,106.2-25.6,106.2-25.6V0H0v30.3c0,0,72,32.6,158.4,30.5c39.2-0.7,92.8-6.7,134-22.4\n\tc21.2-8.1,52.2-18.2,79.7-24.2C399.3,7.9,411.6,7.5,421.9,6.5z\"\/>\n<\/svg>\t\t<\/div>\n\t\t\t\t\t<div class=\"elementor-container elementor-column-gap-default\">\n\t\t\t\t\t<div class=\"elementor-column elementor-col-100 elementor-top-column elementor-element elementor-element-06cdb89\" data-id=\"06cdb89\" data-element_type=\"column\">\n\t\t\t<div class=\"elementor-widget-wrap elementor-element-populated\">\n\t\t\t\t\t\t<section class=\"elementor-section elementor-inner-section elementor-element elementor-element-c65d03e elementor-section-boxed elementor-section-height-default elementor-section-height-default\" data-id=\"c65d03e\" data-element_type=\"section\">\n\t\t\t\t\t\t<div class=\"elementor-container elementor-column-gap-default\">\n\t\t\t\t\t<div class=\"elementor-column elementor-col-50 elementor-inner-column elementor-element elementor-element-3875bdf\" data-id=\"3875bdf\" data-element_type=\"column\">\n\t\t\t<div class=\"elementor-widget-wrap elementor-element-populated\">\n\t\t\t\t\t\t<div class=\"elementor-element elementor-element-96d694d elementor-widget elementor-widget-spacer\" data-id=\"96d694d\" data-element_type=\"widget\" data-widget_type=\"spacer.default\">\n\t\t\t\t<div class=\"elementor-widget-container\">\n\t\t\t\t\t\t\t<div class=\"elementor-spacer\">\n\t\t\t<div class=\"elementor-spacer-inner\"><\/div>\n\t\t<\/div>\n\t\t\t\t\t\t<\/div>\n\t\t\t\t<\/div>\n\t\t\t\t<div class=\"elementor-element elementor-element-d8cacae elementor-widget-tablet__width-initial elementor-widget elementor-widget-heading\" data-id=\"d8cacae\" data-element_type=\"widget\" data-widget_type=\"heading.default\">\n\t\t\t\t<div class=\"elementor-widget-container\">\n\t\t\t\t\t<h2 class=\"elementor-heading-title elementor-size-default\">Le Lomi-Lomi<\/h2>\t\t\t\t<\/div>\n\t\t\t\t<\/div>\n\t\t\t\t<div class=\"elementor-element elementor-element-76b8c07 elementor-widget elementor-widget-spacer\" data-id=\"76b8c07\" data-element_type=\"widget\" data-widget_type=\"spacer.default\">\n\t\t\t\t<div class=\"elementor-widget-container\">\n\t\t\t\t\t\t\t<div class=\"elementor-spacer\">\n\t\t\t<div class=\"elementor-spacer-inner\"><\/div>\n\t\t<\/div>\n\t\t\t\t\t\t<\/div>\n\t\t\t\t<\/div>\n\t\t\t\t<div class=\"elementor-element elementor-element-95ef0aa elementor-widget elementor-widget-spacer\" data-id=\"95ef0aa\" data-element_type=\"widget\" data-widget_type=\"spacer.default\">\n\t\t\t\t<div class=\"elementor-widget-container\">\n\t\t\t\t\t\t\t<div class=\"elementor-spacer\">\n\t\t\t<div class=\"elementor-spacer-inner\"><\/div>\n\t\t<\/div>\n\t\t\t\t\t\t<\/div>\n\t\t\t\t<\/div>\n\t\t\t\t<div class=\"elementor-element elementor-element-e843f34 elementor-widget__width-initial elementor-widget elementor-widget-image\" data-id=\"e843f34\" data-element_type=\"widget\" data-widget_type=\"image.default\">\n\t\t\t\t<div class=\"elementor-widget-container\">\n\t\t\t\t\t\t\t\t\t\t\t\t\t\t\t<img fetchpriority=\"high\" decoding=\"async\" width=\"326\" height=\"310\" src=\"https:\/\/clairdelune-bienetre.fr\/wp-content\/uploads\/2024\/04\/Lotus-myrtille-sur-sable.png\" class=\"attachment-full size-full wp-image-488\" alt=\"logo de mon entreprise\" srcset=\"https:\/\/clairdelune-bienetre.fr\/wp-content\/uploads\/2024\/04\/Lotus-myrtille-sur-sable.png 326w, https:\/\/clairdelune-bienetre.fr\/wp-content\/uploads\/2024\/04\/Lotus-myrtille-sur-sable-300x285.png 300w\" sizes=\"(max-width: 326px) 100vw, 326px\" \/>\t\t\t\t\t\t\t\t\t\t\t\t\t\t\t<\/div>\n\t\t\t\t<\/div>\n\t\t\t\t\t<\/div>\n\t\t<\/div>\n\t\t\t\t<div class=\"elementor-column elementor-col-50 elementor-inner-column elementor-element elementor-element-3d26541\" data-id=\"3d26541\" data-element_type=\"column\">\n\t\t\t<div class=\"elementor-widget-wrap elementor-element-populated\">\n\t\t\t\t\t\t<div class=\"elementor-element elementor-element-50bd151 elementor-widget elementor-widget-spacer\" data-id=\"50bd151\" data-element_type=\"widget\" data-widget_type=\"spacer.default\">\n\t\t\t\t<div class=\"elementor-widget-container\">\n\t\t\t\t\t\t\t<div class=\"elementor-spacer\">\n\t\t\t<div class=\"elementor-spacer-inner\"><\/div>\n\t\t<\/div>\n\t\t\t\t\t\t<\/div>\n\t\t\t\t<\/div>\n\t\t\t\t<div class=\"elementor-element elementor-element-d3f59c0 elementor-widget elementor-widget-image\" data-id=\"d3f59c0\" data-element_type=\"widget\" data-widget_type=\"image.default\">\n\t\t\t\t<div class=\"elementor-widget-container\">\n\t\t\t\t\t\t\t\t\t\t\t\t\t\t\t<img decoding=\"async\" width=\"2560\" height=\"1707\" src=\"https:\/\/clairdelune-bienetre.fr\/wp-content\/uploads\/2024\/05\/danai-tsoutreli-G4zORfstMW0-unsplash-scaled.jpg\" class=\"attachment-full size-full wp-image-591\" alt=\"Hawa\u00ef\" srcset=\"https:\/\/clairdelune-bienetre.fr\/wp-content\/uploads\/2024\/05\/danai-tsoutreli-G4zORfstMW0-unsplash-scaled.jpg 2560w, https:\/\/clairdelune-bienetre.fr\/wp-content\/uploads\/2024\/05\/danai-tsoutreli-G4zORfstMW0-unsplash-300x200.jpg 300w, https:\/\/clairdelune-bienetre.fr\/wp-content\/uploads\/2024\/05\/danai-tsoutreli-G4zORfstMW0-unsplash-1024x683.jpg 1024w, https:\/\/clairdelune-bienetre.fr\/wp-content\/uploads\/2024\/05\/danai-tsoutreli-G4zORfstMW0-unsplash-768x512.jpg 768w, https:\/\/clairdelune-bienetre.fr\/wp-content\/uploads\/2024\/05\/danai-tsoutreli-G4zORfstMW0-unsplash-1536x1024.jpg 1536w, https:\/\/clairdelune-bienetre.fr\/wp-content\/uploads\/2024\/05\/danai-tsoutreli-G4zORfstMW0-unsplash-2048x1365.jpg 2048w\" sizes=\"(max-width: 2560px) 100vw, 2560px\" \/>\t\t\t\t\t\t\t\t\t\t\t\t\t\t\t<\/div>\n\t\t\t\t<\/div>\n\t\t\t\t<div class=\"elementor-element elementor-element-3e1f2c3 elementor-widget elementor-widget-spacer\" data-id=\"3e1f2c3\" data-element_type=\"widget\" data-widget_type=\"spacer.default\">\n\t\t\t\t<div class=\"elementor-widget-container\">\n\t\t\t\t\t\t\t<div class=\"elementor-spacer\">\n\t\t\t<div class=\"elementor-spacer-inner\"><\/div>\n\t\t<\/div>\n\t\t\t\t\t\t<\/div>\n\t\t\t\t<\/div>\n\t\t\t\t\t<\/div>\n\t\t<\/div>\n\t\t\t\t\t<\/div>\n\t\t<\/section>\n\t\t\t\t\t<\/div>\n\t\t<\/div>\n\t\t\t\t\t<\/div>\n\t\t<\/section>\n\t\t\t\t<section class=\"elementor-section elementor-top-section elementor-element elementor-element-92bc516 elementor-section-boxed elementor-section-height-default elementor-section-height-default\" data-id=\"92bc516\" data-element_type=\"section\">\n\t\t\t\t\t\t<div class=\"elementor-container elementor-column-gap-default\">\n\t\t\t\t\t<div class=\"elementor-column elementor-col-50 elementor-top-column elementor-element elementor-element-06ca50d\" data-id=\"06ca50d\" data-element_type=\"column\">\n\t\t\t<div class=\"elementor-widget-wrap elementor-element-populated\">\n\t\t\t\t\t\t<div class=\"elementor-element elementor-element-89f8515 elementor-widget elementor-widget-heading\" data-id=\"89f8515\" data-element_type=\"widget\" data-widget_type=\"heading.default\">\n\t\t\t\t<div class=\"elementor-widget-container\">\n\t\t\t\t\t<h2 class=\"elementor-heading-title elementor-size-default\">Ses origines<\/h2>\t\t\t\t<\/div>\n\t\t\t\t<\/div>\n\t\t\t\t<div class=\"elementor-element elementor-element-33dc24b elementor-widget elementor-widget-text-editor\" data-id=\"33dc24b\" data-element_type=\"widget\" data-widget_type=\"text-editor.default\">\n\t\t\t\t<div class=\"elementor-widget-container\">\n\t\t\t\t\t\t\t\t\t<p>Le massage Lomi-Lomi est issu d&rsquo;une tradition hawa\u00efenne ancestrale. Tradition transmise oralement de g\u00e9n\u00e9ration en g\u00e9n\u00e9ration. Cette tradition pr\u00e9sente de nombreux points communs avec l&rsquo;Ayurveda indienne ou la m\u00e9d\u00e9cine chinoise. Comme l&rsquo;approche holistique de l&rsquo;individu et de ses pathologies. Une bonne circulation de l&rsquo;\u00e9nergie &#8211; pr\u00e9sente en toute chose- garantit \u00e9quilibre et bonne sant\u00e9. Ce sont les gu\u00e9risseurs hawa\u00efens qui prodiguent le Lomi-Lomi. Recevoir ce massage marque le passage d&rsquo;\u00e9tapes fondamentales dans la vie des hawa\u00efens.\u00a0<\/p>\t\t\t\t\t\t\t\t<\/div>\n\t\t\t\t<\/div>\n\t\t\t\t\t<\/div>\n\t\t<\/div>\n\t\t\t\t<div class=\"elementor-column elementor-col-50 elementor-top-column elementor-element elementor-element-a6c48ab\" data-id=\"a6c48ab\" data-element_type=\"column\">\n\t\t\t<div class=\"elementor-widget-wrap\">\n\t\t\t\t\t\t\t<\/div>\n\t\t<\/div>\n\t\t\t\t\t<\/div>\n\t\t<\/section>\n\t\t\t\t<section class=\"elementor-section elementor-top-section elementor-element elementor-element-2a7d770 elementor-section-boxed elementor-section-height-default elementor-section-height-default\" data-id=\"2a7d770\" data-element_type=\"section\">\n\t\t\t\t\t\t<div class=\"elementor-container elementor-column-gap-default\">\n\t\t\t\t\t<div class=\"elementor-column elementor-col-100 elementor-top-column elementor-element elementor-element-dbd4036\" data-id=\"dbd4036\" data-element_type=\"column\">\n\t\t\t<div class=\"elementor-widget-wrap\">\n\t\t\t\t\t\t\t<\/div>\n\t\t<\/div>\n\t\t\t\t\t<\/div>\n\t\t<\/section>\n\t\t\t\t<section class=\"elementor-section elementor-top-section elementor-element elementor-element-1ddc4c4 elementor-section-boxed elementor-section-height-default elementor-section-height-default\" data-id=\"1ddc4c4\" data-element_type=\"section\">\n\t\t\t\t\t\t<div class=\"elementor-container elementor-column-gap-default\">\n\t\t\t\t\t<div class=\"elementor-column elementor-col-33 elementor-top-column elementor-element elementor-element-8c0846c\" data-id=\"8c0846c\" data-element_type=\"column\">\n\t\t\t<div class=\"elementor-widget-wrap\">\n\t\t\t\t\t\t\t<\/div>\n\t\t<\/div>\n\t\t\t\t<div class=\"elementor-column elementor-col-66 elementor-top-column elementor-element elementor-element-f11b5ce\" data-id=\"f11b5ce\" data-element_type=\"column\">\n\t\t\t<div class=\"elementor-widget-wrap elementor-element-populated\">\n\t\t\t\t\t\t<div class=\"elementor-element elementor-element-a94673b elementor-widget elementor-widget-heading\" data-id=\"a94673b\" data-element_type=\"widget\" data-widget_type=\"heading.default\">\n\t\t\t\t<div class=\"elementor-widget-container\">\n\t\t\t\t\t<h2 class=\"elementor-heading-title elementor-size-default\">Sa description<\/h2>\t\t\t\t<\/div>\n\t\t\t\t<\/div>\n\t\t\t\t<div class=\"elementor-element elementor-element-302bb97 elementor-widget elementor-widget-text-editor\" data-id=\"302bb97\" data-element_type=\"widget\" data-widget_type=\"text-editor.default\">\n\t\t\t\t<div class=\"elementor-widget-container\">\n\t\t\t\t\t\t\t\t\t<p>Le massage Lomi-Lomi par ses grandes manoeuvres fluides est comparable aux mouvements de la mer. Il est \u00e0 la fois englobant et r\u00e9confortant. Il berce celui qui le re\u00e7oit \u00e0 la fa\u00e7on d&rsquo;une m\u00e8re. Mais parce qu&rsquo;il est pratiqu\u00e9 en partie avec les avant-bras, il offre puissance et profondeur pour une d\u00e9tente musculaire efficace.<\/p>\t\t\t\t\t\t\t\t<\/div>\n\t\t\t\t<\/div>\n\t\t\t\t\t<\/div>\n\t\t<\/div>\n\t\t\t\t\t<\/div>\n\t\t<\/section>\n\t\t\t\t<section class=\"elementor-section elementor-top-section elementor-element elementor-element-790099f elementor-section-boxed elementor-section-height-default elementor-section-height-default\" data-id=\"790099f\" data-element_type=\"section\">\n\t\t\t\t\t\t<div class=\"elementor-container elementor-column-gap-default\">\n\t\t\t\t\t<div class=\"elementor-column elementor-col-66 elementor-top-column elementor-element elementor-element-b95a391\" data-id=\"b95a391\" data-element_type=\"column\">\n\t\t\t<div class=\"elementor-widget-wrap elementor-element-populated\">\n\t\t\t\t\t\t<div class=\"elementor-element elementor-element-9dc5cc1 elementor-widget elementor-widget-heading\" data-id=\"9dc5cc1\" data-element_type=\"widget\" data-widget_type=\"heading.default\">\n\t\t\t\t<div class=\"elementor-widget-container\">\n\t\t\t\t\t<h2 class=\"elementor-heading-title elementor-size-default\">Pour qui?<\/h2>\t\t\t\t<\/div>\n\t\t\t\t<\/div>\n\t\t\t\t<div class=\"elementor-element elementor-element-eafa65b elementor-widget elementor-widget-text-editor\" data-id=\"eafa65b\" data-element_type=\"widget\" data-widget_type=\"text-editor.default\">\n\t\t\t\t<div class=\"elementor-widget-container\">\n\t\t\t\t\t\t\t\t\t<p>Pour celles et ceux qui ont du mal \u00e0 l\u00e2cher prise, pour les sportifs, pour les personnes en recherche de r\u00e9confort, et pour tous les amateurs bien s\u00fbr!<\/p>\t\t\t\t\t\t\t\t<\/div>\n\t\t\t\t<\/div>\n\t\t\t\t\t<\/div>\n\t\t<\/div>\n\t\t\t\t<div class=\"elementor-column elementor-col-33 elementor-top-column elementor-element elementor-element-1448bbc\" data-id=\"1448bbc\" data-element_type=\"column\">\n\t\t\t<div class=\"elementor-widget-wrap\">\n\t\t\t\t\t\t\t<\/div>\n\t\t<\/div>\n\t\t\t\t\t<\/div>\n\t\t<\/section>\n\t\t\t\t<section class=\"elementor-section elementor-top-section elementor-element elementor-element-a4d55e0 elementor-section-boxed elementor-section-height-default elementor-section-height-default\" data-id=\"a4d55e0\" data-element_type=\"section\">\n\t\t\t\t\t\t<div class=\"elementor-container elementor-column-gap-default\">\n\t\t\t\t\t<div class=\"elementor-column elementor-col-33 elementor-top-column elementor-element elementor-element-d53e6dc\" data-id=\"d53e6dc\" data-element_type=\"column\">\n\t\t\t<div class=\"elementor-widget-wrap\">\n\t\t\t\t\t\t\t<\/div>\n\t\t<\/div>\n\t\t\t\t<div class=\"elementor-column elementor-col-33 elementor-top-column elementor-element elementor-element-cfbdc18\" data-id=\"cfbdc18\" data-element_type=\"column\">\n\t\t\t<div class=\"elementor-widget-wrap elementor-element-populated\">\n\t\t\t\t\t\t<div class=\"elementor-element elementor-element-7e7838c elementor-widget elementor-widget-button\" data-id=\"7e7838c\" data-element_type=\"widget\" data-widget_type=\"button.default\">\n\t\t\t\t<div class=\"elementor-widget-container\">\n\t\t\t\t\t\t\t\t\t<div class=\"elementor-button-wrapper\">\n\t\t\t\t\t<a class=\"elementor-button elementor-button-link elementor-size-sm\" href=\"https:\/\/clairdelune-bienetre.fr\/index.php\/contact-2\/\">\n\t\t\t\t\t\t<span class=\"elementor-button-content-wrapper\">\n\t\t\t\t\t\t<span class=\"elementor-button-icon\">\n\t\t\t\t<i aria-hidden=\"true\" class=\"far fa-comment-dots\"><\/i>\t\t\t<\/span>\n\t\t\t\t\t\t\t\t\t<span class=\"elementor-button-text\">Me contacter <\/span>\n\t\t\t\t\t<\/span>\n\t\t\t\t\t<\/a>\n\t\t\t\t<\/div>\n\t\t\t\t\t\t\t\t<\/div>\n\t\t\t\t<\/div>\n\t\t\t\t\t<\/div>\n\t\t<\/div>\n\t\t\t\t<div class=\"elementor-column elementor-col-33 elementor-top-column elementor-element elementor-element-1eaefb6\" data-id=\"1eaefb6\" data-element_type=\"column\">\n\t\t\t<div class=\"elementor-widget-wrap\">\n\t\t\t\t\t\t\t<\/div>\n\t\t<\/div>\n\t\t\t\t\t<\/div>\n\t\t<\/section>\n\t\t\t\t<\/div>\n\t\t","protected":false},"excerpt":{"rendered":"<p>Le Lomi-Lomi Ses origines Le massage Lomi-Lomi est issu d&rsquo;une tradition hawa\u00efenne ancestrale. Tradition transmise oralement de g\u00e9n\u00e9ration en g\u00e9n\u00e9ration. Cette tradition pr\u00e9sente de nombreux points communs avec l&rsquo;Ayurveda indienne ou la m\u00e9d\u00e9cine chinoise. Comme l&rsquo;approche holistique de l&rsquo;individu et de ses pathologies. Une bonne circulation de l&rsquo;\u00e9nergie &#8211; pr\u00e9sente en toute chose- garantit \u00e9quilibre [&hellip;]<\/p>\n","protected":false},"author":1,"featured_media":0,"parent":0,"menu_order":0,"comment_status":"closed","ping_status":"closed","template":"","meta":{"footnotes":""},"class_list":["post-74","page","type-page","status-publish","hentry"],"yoast_head":"<!-- This site is optimized with the Yoast SEO plugin v25.6 - https:\/\/yoast.com\/wordpress\/plugins\/seo\/ -->\n<title>Le Lomi-Lomi - Clair de Lune Bien-\u00eatre<\/title>\n<meta name=\"description\" content=\"Le lomi-Lomi est un massage hawa\u00efen. R\u00e9alis\u00e9 avec les avant-bras, il apporte profondeur et relaxation. Il berce tels les mouvements de la mer.\" \/>\n<meta name=\"robots\" content=\"index, follow, max-snippet:-1, max-image-preview:large, max-video-preview:-1\" \/>\n<link rel=\"canonical\" href=\"https:\/\/clairdelune-bienetre.fr\/index.php\/le-lomi-lomi\/\" \/>\n<meta property=\"og:locale\" content=\"fr_FR\" \/>\n<meta property=\"og:type\" content=\"article\" \/>\n<meta property=\"og:title\" content=\"Le Lomi-Lomi - Clair de Lune Bien-\u00eatre\" \/>\n<meta property=\"og:description\" content=\"Le lomi-Lomi est un massage hawa\u00efen. R\u00e9alis\u00e9 avec les avant-bras, il apporte profondeur et relaxation. Il berce tels les mouvements de la mer.\" \/>\n<meta property=\"og:url\" content=\"https:\/\/clairdelune-bienetre.fr\/index.php\/le-lomi-lomi\/\" \/>\n<meta property=\"og:site_name\" content=\"Clair de Lune Bien-\u00eatre\" \/>\n<meta property=\"article:modified_time\" content=\"2025-08-06T23:11:38+00:00\" \/>\n<meta property=\"og:image\" content=\"https:\/\/clairdelune-bienetre.fr\/wp-content\/uploads\/2024\/04\/Lotus-myrtille-sur-sable.png\" \/>\n\t<meta property=\"og:image:width\" content=\"326\" \/>\n\t<meta property=\"og:image:height\" content=\"310\" \/>\n\t<meta property=\"og:image:type\" content=\"image\/png\" \/>\n<meta name=\"twitter:card\" content=\"summary_large_image\" \/>\n<meta name=\"twitter:label1\" content=\"Dur\u00e9e de lecture estim\u00e9e\" \/>\n\t<meta name=\"twitter:data1\" content=\"2 minutes\" \/>\n<script type=\"application\/ld+json\" class=\"yoast-schema-graph\">{\"@context\":\"https:\/\/schema.org\",\"@graph\":[{\"@type\":\"WebPage\",\"@id\":\"https:\/\/clairdelune-bienetre.fr\/index.php\/le-lomi-lomi\/\",\"url\":\"https:\/\/clairdelune-bienetre.fr\/index.php\/le-lomi-lomi\/\",\"name\":\"Le Lomi-Lomi - Clair de Lune Bien-\u00eatre\",\"isPartOf\":{\"@id\":\"https:\/\/clairdelune-bienetre.fr\/#website\"},\"primaryImageOfPage\":{\"@id\":\"https:\/\/clairdelune-bienetre.fr\/index.php\/le-lomi-lomi\/#primaryimage\"},\"image\":{\"@id\":\"https:\/\/clairdelune-bienetre.fr\/index.php\/le-lomi-lomi\/#primaryimage\"},\"thumbnailUrl\":\"https:\/\/clairdelune-bienetre.fr\/wp-content\/uploads\/2024\/04\/Lotus-myrtille-sur-sable.png\",\"datePublished\":\"2024-02-27T19:39:24+00:00\",\"dateModified\":\"2025-08-06T23:11:38+00:00\",\"description\":\"Le lomi-Lomi est un massage hawa\u00efen. R\u00e9alis\u00e9 avec les avant-bras, il apporte profondeur et relaxation. Il berce tels les mouvements de la mer.\",\"breadcrumb\":{\"@id\":\"https:\/\/clairdelune-bienetre.fr\/index.php\/le-lomi-lomi\/#breadcrumb\"},\"inLanguage\":\"fr-FR\",\"potentialAction\":[{\"@type\":\"ReadAction\",\"target\":[\"https:\/\/clairdelune-bienetre.fr\/index.php\/le-lomi-lomi\/\"]}]},{\"@type\":\"ImageObject\",\"inLanguage\":\"fr-FR\",\"@id\":\"https:\/\/clairdelune-bienetre.fr\/index.php\/le-lomi-lomi\/#primaryimage\",\"url\":\"https:\/\/clairdelune-bienetre.fr\/wp-content\/uploads\/2024\/04\/Lotus-myrtille-sur-sable.png\",\"contentUrl\":\"https:\/\/clairdelune-bienetre.fr\/wp-content\/uploads\/2024\/04\/Lotus-myrtille-sur-sable.png\",\"width\":326,\"height\":310,\"caption\":\"logo de mon entreprise\"},{\"@type\":\"BreadcrumbList\",\"@id\":\"https:\/\/clairdelune-bienetre.fr\/index.php\/le-lomi-lomi\/#breadcrumb\",\"itemListElement\":[{\"@type\":\"ListItem\",\"position\":1,\"name\":\"Accueil\",\"item\":\"https:\/\/clairdelune-bienetre.fr\/\"},{\"@type\":\"ListItem\",\"position\":2,\"name\":\"Le Lomi-Lomi\"}]},{\"@type\":\"WebSite\",\"@id\":\"https:\/\/clairdelune-bienetre.fr\/#website\",\"url\":\"https:\/\/clairdelune-bienetre.fr\/\",\"name\":\"Clair de Lune Bien-\u00eatre\",\"description\":\"\",\"publisher\":{\"@id\":\"https:\/\/clairdelune-bienetre.fr\/#organization\"},\"potentialAction\":[{\"@type\":\"SearchAction\",\"target\":{\"@type\":\"EntryPoint\",\"urlTemplate\":\"https:\/\/clairdelune-bienetre.fr\/?s={search_term_string}\"},\"query-input\":{\"@type\":\"PropertyValueSpecification\",\"valueRequired\":true,\"valueName\":\"search_term_string\"}}],\"inLanguage\":\"fr-FR\"},{\"@type\":\"Organization\",\"@id\":\"https:\/\/clairdelune-bienetre.fr\/#organization\",\"name\":\"Clair de Lune Bien-\u00eatre\",\"url\":\"https:\/\/clairdelune-bienetre.fr\/\",\"logo\":{\"@type\":\"ImageObject\",\"inLanguage\":\"fr-FR\",\"@id\":\"https:\/\/clairdelune-bienetre.fr\/#\/schema\/logo\/image\/\",\"url\":\"https:\/\/clairdelune-bienetre.fr\/wp-content\/uploads\/2023\/08\/Plan-de-travail-8_1-100-1-scaled.jpg\",\"contentUrl\":\"https:\/\/clairdelune-bienetre.fr\/wp-content\/uploads\/2023\/08\/Plan-de-travail-8_1-100-1-scaled.jpg\",\"width\":2560,\"height\":1003,\"caption\":\"Clair de Lune Bien-\u00eatre\"},\"image\":{\"@id\":\"https:\/\/clairdelune-bienetre.fr\/#\/schema\/logo\/image\/\"}}]}<\/script>\n<!-- \/ Yoast SEO plugin. -->","yoast_head_json":{"title":"Le Lomi-Lomi - Clair de Lune Bien-\u00eatre","description":"Le lomi-Lomi est un massage hawa\u00efen. R\u00e9alis\u00e9 avec les avant-bras, il apporte profondeur et relaxation. Il berce tels les mouvements de la mer.","robots":{"index":"index","follow":"follow","max-snippet":"max-snippet:-1","max-image-preview":"max-image-preview:large","max-video-preview":"max-video-preview:-1"},"canonical":"https:\/\/clairdelune-bienetre.fr\/index.php\/le-lomi-lomi\/","og_locale":"fr_FR","og_type":"article","og_title":"Le Lomi-Lomi - Clair de Lune Bien-\u00eatre","og_description":"Le lomi-Lomi est un massage hawa\u00efen. R\u00e9alis\u00e9 avec les avant-bras, il apporte profondeur et relaxation. Il berce tels les mouvements de la mer.","og_url":"https:\/\/clairdelune-bienetre.fr\/index.php\/le-lomi-lomi\/","og_site_name":"Clair de Lune Bien-\u00eatre","article_modified_time":"2025-08-06T23:11:38+00:00","og_image":[{"width":326,"height":310,"url":"https:\/\/clairdelune-bienetre.fr\/wp-content\/uploads\/2024\/04\/Lotus-myrtille-sur-sable.png","type":"image\/png"}],"twitter_card":"summary_large_image","twitter_misc":{"Dur\u00e9e de lecture estim\u00e9e":"2 minutes"},"schema":{"@context":"https:\/\/schema.org","@graph":[{"@type":"WebPage","@id":"https:\/\/clairdelune-bienetre.fr\/index.php\/le-lomi-lomi\/","url":"https:\/\/clairdelune-bienetre.fr\/index.php\/le-lomi-lomi\/","name":"Le Lomi-Lomi - Clair de Lune Bien-\u00eatre","isPartOf":{"@id":"https:\/\/clairdelune-bienetre.fr\/#website"},"primaryImageOfPage":{"@id":"https:\/\/clairdelune-bienetre.fr\/index.php\/le-lomi-lomi\/#primaryimage"},"image":{"@id":"https:\/\/clairdelune-bienetre.fr\/index.php\/le-lomi-lomi\/#primaryimage"},"thumbnailUrl":"https:\/\/clairdelune-bienetre.fr\/wp-content\/uploads\/2024\/04\/Lotus-myrtille-sur-sable.png","datePublished":"2024-02-27T19:39:24+00:00","dateModified":"2025-08-06T23:11:38+00:00","description":"Le lomi-Lomi est un massage hawa\u00efen. R\u00e9alis\u00e9 avec les avant-bras, il apporte profondeur et relaxation. Il berce tels les mouvements de la mer.","breadcrumb":{"@id":"https:\/\/clairdelune-bienetre.fr\/index.php\/le-lomi-lomi\/#breadcrumb"},"inLanguage":"fr-FR","potentialAction":[{"@type":"ReadAction","target":["https:\/\/clairdelune-bienetre.fr\/index.php\/le-lomi-lomi\/"]}]},{"@type":"ImageObject","inLanguage":"fr-FR","@id":"https:\/\/clairdelune-bienetre.fr\/index.php\/le-lomi-lomi\/#primaryimage","url":"https:\/\/clairdelune-bienetre.fr\/wp-content\/uploads\/2024\/04\/Lotus-myrtille-sur-sable.png","contentUrl":"https:\/\/clairdelune-bienetre.fr\/wp-content\/uploads\/2024\/04\/Lotus-myrtille-sur-sable.png","width":326,"height":310,"caption":"logo de mon entreprise"},{"@type":"BreadcrumbList","@id":"https:\/\/clairdelune-bienetre.fr\/index.php\/le-lomi-lomi\/#breadcrumb","itemListElement":[{"@type":"ListItem","position":1,"name":"Accueil","item":"https:\/\/clairdelune-bienetre.fr\/"},{"@type":"ListItem","position":2,"name":"Le Lomi-Lomi"}]},{"@type":"WebSite","@id":"https:\/\/clairdelune-bienetre.fr\/#website","url":"https:\/\/clairdelune-bienetre.fr\/","name":"Clair de Lune Bien-\u00eatre","description":"","publisher":{"@id":"https:\/\/clairdelune-bienetre.fr\/#organization"},"potentialAction":[{"@type":"SearchAction","target":{"@type":"EntryPoint","urlTemplate":"https:\/\/clairdelune-bienetre.fr\/?s={search_term_string}"},"query-input":{"@type":"PropertyValueSpecification","valueRequired":true,"valueName":"search_term_string"}}],"inLanguage":"fr-FR"},{"@type":"Organization","@id":"https:\/\/clairdelune-bienetre.fr\/#organization","name":"Clair de Lune Bien-\u00eatre","url":"https:\/\/clairdelune-bienetre.fr\/","logo":{"@type":"ImageObject","inLanguage":"fr-FR","@id":"https:\/\/clairdelune-bienetre.fr\/#\/schema\/logo\/image\/","url":"https:\/\/clairdelune-bienetre.fr\/wp-content\/uploads\/2023\/08\/Plan-de-travail-8_1-100-1-scaled.jpg","contentUrl":"https:\/\/clairdelune-bienetre.fr\/wp-content\/uploads\/2023\/08\/Plan-de-travail-8_1-100-1-scaled.jpg","width":2560,"height":1003,"caption":"Clair de Lune Bien-\u00eatre"},"image":{"@id":"https:\/\/clairdelune-bienetre.fr\/#\/schema\/logo\/image\/"}}]}},"_links":{"self":[{"href":"https:\/\/clairdelune-bienetre.fr\/index.php\/wp-json\/wp\/v2\/pages\/74","targetHints":{"allow":["GET"]}}],"collection":[{"href":"https:\/\/clairdelune-bienetre.fr\/index.php\/wp-json\/wp\/v2\/pages"}],"about":[{"href":"https:\/\/clairdelune-bienetre.fr\/index.php\/wp-json\/wp\/v2\/types\/page"}],"author":[{"embeddable":true,"href":"https:\/\/clairdelune-bienetre.fr\/index.php\/wp-json\/wp\/v2\/users\/1"}],"replies":[{"embeddable":true,"href":"https:\/\/clairdelune-bienetre.fr\/index.php\/wp-json\/wp\/v2\/comments?post=74"}],"version-history":[{"count":31,"href":"https:\/\/clairdelune-bienetre.fr\/index.php\/wp-json\/wp\/v2\/pages\/74\/revisions"}],"predecessor-version":[{"id":1139,"href":"https:\/\/clairdelune-bienetre.fr\/index.php\/wp-json\/wp\/v2\/pages\/74\/revisions\/1139"}],"wp:attachment":[{"href":"https:\/\/clairdelune-bienetre.fr\/index.php\/wp-json\/wp\/v2\/media?parent=74"}],"curies":[{"name":"wp","href":"https:\/\/api.w.org\/{rel}","templated":true}]}}