{"id":875,"date":"2024-07-31T18:29:16","date_gmt":"2024-07-31T16:29:16","guid":{"rendered":"https:\/\/clairdelune-bienetre.fr\/?page_id=875"},"modified":"2025-08-19T00:09:46","modified_gmt":"2025-08-18T22:09:46","slug":"contre-indications","status":"publish","type":"page","link":"https:\/\/clairdelune-bienetre.fr\/index.php\/contre-indications\/","title":{"rendered":"Contre-indications"},"content":{"rendered":"\t\t<div data-elementor-type=\"wp-page\" data-elementor-id=\"875\" class=\"elementor elementor-875\">\n\t\t\t\t\t\t<section class=\"elementor-section elementor-top-section elementor-element elementor-element-ecefc3c elementor-section-boxed elementor-section-height-default elementor-section-height-default\" data-id=\"ecefc3c\" data-element_type=\"section\" data-settings=\"{&quot;background_background&quot;:&quot;classic&quot;,&quot;shape_divider_bottom&quot;:&quot;waves&quot;}\">\n\t\t\t\t\t<div class=\"elementor-shape elementor-shape-bottom\" aria-hidden=\"true\" data-negative=\"false\">\n\t\t\t<svg xmlns=\"http:\/\/www.w3.org\/2000\/svg\" viewBox=\"0 0 1000 100\" preserveAspectRatio=\"none\">\n\t<path class=\"elementor-shape-fill\" d=\"M421.9,6.5c22.6-2.5,51.5,0.4,75.5,5.3c23.6,4.9,70.9,23.5,100.5,35.7c75.8,32.2,133.7,44.5,192.6,49.7\n\tc23.6,2.1,48.7,3.5,103.4-2.5c54.7-6,106.2-25.6,106.2-25.6V0H0v30.3c0,0,72,32.6,158.4,30.5c39.2-0.7,92.8-6.7,134-22.4\n\tc21.2-8.1,52.2-18.2,79.7-24.2C399.3,7.9,411.6,7.5,421.9,6.5z\"\/>\n<\/svg>\t\t<\/div>\n\t\t\t\t\t<div class=\"elementor-container elementor-column-gap-default\">\n\t\t\t\t\t<div class=\"elementor-column elementor-col-100 elementor-top-column elementor-element elementor-element-7cf6795\" data-id=\"7cf6795\" data-element_type=\"column\">\n\t\t\t<div class=\"elementor-widget-wrap elementor-element-populated\">\n\t\t\t\t\t\t<section class=\"elementor-section elementor-inner-section elementor-element elementor-element-518e718 elementor-section-boxed elementor-section-height-default elementor-section-height-default\" data-id=\"518e718\" data-element_type=\"section\">\n\t\t\t\t\t\t<div class=\"elementor-container elementor-column-gap-default\">\n\t\t\t\t\t<div class=\"elementor-column elementor-col-50 elementor-inner-column elementor-element elementor-element-d1860bf\" data-id=\"d1860bf\" data-element_type=\"column\">\n\t\t\t<div class=\"elementor-widget-wrap elementor-element-populated\">\n\t\t\t\t\t\t<div class=\"elementor-element elementor-element-08d1bf1 elementor-widget elementor-widget-spacer\" data-id=\"08d1bf1\" data-element_type=\"widget\" data-widget_type=\"spacer.default\">\n\t\t\t\t<div class=\"elementor-widget-container\">\n\t\t\t\t\t\t\t<div class=\"elementor-spacer\">\n\t\t\t<div class=\"elementor-spacer-inner\"><\/div>\n\t\t<\/div>\n\t\t\t\t\t\t<\/div>\n\t\t\t\t<\/div>\n\t\t\t\t<div class=\"elementor-element elementor-element-531c6f1 elementor-widget elementor-widget-heading\" data-id=\"531c6f1\" data-element_type=\"widget\" data-widget_type=\"heading.default\">\n\t\t\t\t<div class=\"elementor-widget-container\">\n\t\t\t\t\t<h2 class=\"elementor-heading-title elementor-size-default\">Indications<br>&amp;<br>Contre-indications<\/h2>\t\t\t\t<\/div>\n\t\t\t\t<\/div>\n\t\t\t\t<div class=\"elementor-element elementor-element-b5b4bfd elementor-widget elementor-widget-spacer\" data-id=\"b5b4bfd\" data-element_type=\"widget\" data-widget_type=\"spacer.default\">\n\t\t\t\t<div class=\"elementor-widget-container\">\n\t\t\t\t\t\t\t<div class=\"elementor-spacer\">\n\t\t\t<div class=\"elementor-spacer-inner\"><\/div>\n\t\t<\/div>\n\t\t\t\t\t\t<\/div>\n\t\t\t\t<\/div>\n\t\t\t\t<div class=\"elementor-element elementor-element-431b5de elementor-widget__width-initial elementor-widget elementor-widget-image\" data-id=\"431b5de\" data-element_type=\"widget\" data-widget_type=\"image.default\">\n\t\t\t\t<div class=\"elementor-widget-container\">\n\t\t\t\t\t\t\t\t\t\t\t\t\t\t\t<img fetchpriority=\"high\" decoding=\"async\" width=\"326\" height=\"310\" src=\"https:\/\/clairdelune-bienetre.fr\/wp-content\/uploads\/2024\/04\/Lotus-myrtille-sur-sable.png\" class=\"attachment-full size-full wp-image-488\" alt=\"logo de mon entreprise\" srcset=\"https:\/\/clairdelune-bienetre.fr\/wp-content\/uploads\/2024\/04\/Lotus-myrtille-sur-sable.png 326w, https:\/\/clairdelune-bienetre.fr\/wp-content\/uploads\/2024\/04\/Lotus-myrtille-sur-sable-300x285.png 300w\" sizes=\"(max-width: 326px) 100vw, 326px\" \/>\t\t\t\t\t\t\t\t\t\t\t\t\t\t\t<\/div>\n\t\t\t\t<\/div>\n\t\t\t\t\t<\/div>\n\t\t<\/div>\n\t\t\t\t<div class=\"elementor-column elementor-col-50 elementor-inner-column elementor-element elementor-element-eb71a0b\" data-id=\"eb71a0b\" data-element_type=\"column\">\n\t\t\t<div class=\"elementor-widget-wrap elementor-element-populated\">\n\t\t\t\t\t\t<div class=\"elementor-element elementor-element-0c410f4 elementor-widget elementor-widget-image\" data-id=\"0c410f4\" data-element_type=\"widget\" data-widget_type=\"image.default\">\n\t\t\t\t<div class=\"elementor-widget-container\">\n\t\t\t\t\t\t\t\t\t\t\t\t\t\t\t<img decoding=\"async\" width=\"1707\" height=\"2560\" src=\"https:\/\/clairdelune-bienetre.fr\/wp-content\/uploads\/2023\/08\/pexels-nothing-ahead-3230236-scaled.jpg\" class=\"attachment-full size-full wp-image-22\" alt=\"illustre le bien-\u00eatre\" srcset=\"https:\/\/clairdelune-bienetre.fr\/wp-content\/uploads\/2023\/08\/pexels-nothing-ahead-3230236-scaled.jpg 1707w, https:\/\/clairdelune-bienetre.fr\/wp-content\/uploads\/2023\/08\/pexels-nothing-ahead-3230236-200x300.jpg 200w, https:\/\/clairdelune-bienetre.fr\/wp-content\/uploads\/2023\/08\/pexels-nothing-ahead-3230236-683x1024.jpg 683w, https:\/\/clairdelune-bienetre.fr\/wp-content\/uploads\/2023\/08\/pexels-nothing-ahead-3230236-768x1152.jpg 768w, https:\/\/clairdelune-bienetre.fr\/wp-content\/uploads\/2023\/08\/pexels-nothing-ahead-3230236-1024x1536.jpg 1024w, https:\/\/clairdelune-bienetre.fr\/wp-content\/uploads\/2023\/08\/pexels-nothing-ahead-3230236-1365x2048.jpg 1365w\" sizes=\"(max-width: 1707px) 100vw, 1707px\" \/>\t\t\t\t\t\t\t\t\t\t\t\t\t\t\t<\/div>\n\t\t\t\t<\/div>\n\t\t\t\t\t<\/div>\n\t\t<\/div>\n\t\t\t\t\t<\/div>\n\t\t<\/section>\n\t\t\t\t<div class=\"elementor-element elementor-element-d142a46 elementor-widget elementor-widget-spacer\" data-id=\"d142a46\" data-element_type=\"widget\" data-widget_type=\"spacer.default\">\n\t\t\t\t<div class=\"elementor-widget-container\">\n\t\t\t\t\t\t\t<div class=\"elementor-spacer\">\n\t\t\t<div class=\"elementor-spacer-inner\"><\/div>\n\t\t<\/div>\n\t\t\t\t\t\t<\/div>\n\t\t\t\t<\/div>\n\t\t\t\t\t<\/div>\n\t\t<\/div>\n\t\t\t\t\t<\/div>\n\t\t<\/section>\n\t\t\t\t<section class=\"elementor-section elementor-top-section elementor-element elementor-element-e14a940 elementor-section-boxed elementor-section-height-default elementor-section-height-default\" data-id=\"e14a940\" data-element_type=\"section\">\n\t\t\t\t\t\t<div class=\"elementor-container elementor-column-gap-default\">\n\t\t\t\t\t<div class=\"elementor-column elementor-col-66 elementor-top-column elementor-element elementor-element-eba3180\" data-id=\"eba3180\" data-element_type=\"column\">\n\t\t\t<div class=\"elementor-widget-wrap elementor-element-populated\">\n\t\t\t\t\t\t<div class=\"elementor-element elementor-element-d973b16 elementor-widget elementor-widget-spacer\" data-id=\"d973b16\" data-element_type=\"widget\" data-widget_type=\"spacer.default\">\n\t\t\t\t<div class=\"elementor-widget-container\">\n\t\t\t\t\t\t\t<div class=\"elementor-spacer\">\n\t\t\t<div class=\"elementor-spacer-inner\"><\/div>\n\t\t<\/div>\n\t\t\t\t\t\t<\/div>\n\t\t\t\t<\/div>\n\t\t\t\t<div class=\"elementor-element elementor-element-0d9666e elementor-widget elementor-widget-heading\" data-id=\"0d9666e\" data-element_type=\"widget\" data-widget_type=\"heading.default\">\n\t\t\t\t<div class=\"elementor-widget-container\">\n\t\t\t\t\t<h2 class=\"elementor-heading-title elementor-size-default\">Les contre-indications au massage<\/h2>\t\t\t\t<\/div>\n\t\t\t\t<\/div>\n\t\t\t\t<div class=\"elementor-element elementor-element-1a47be1 elementor-widget elementor-widget-text-editor\" data-id=\"1a47be1\" data-element_type=\"widget\" data-widget_type=\"text-editor.default\">\n\t\t\t\t<div class=\"elementor-widget-container\">\n\t\t\t\t\t\t\t\t\t<ul><li>Fi\u00e8vre<\/li><li>Fl\u00e9bite, thrombose (ou m\u00eame suspiscion)<\/li><li>Manipulation r\u00e9cente chez un osth\u00e9opathe, chiropracteur ou tout praticien vous ayant conseill\u00e9 de rester tranquille les jours \u00e0 venir<\/li><li>Fracture r\u00e9cente<\/li><li>Grossesse de moins de 3 mois<\/li><\/ul>\t\t\t\t\t\t\t\t<\/div>\n\t\t\t\t<\/div>\n\t\t\t\t<div class=\"elementor-element elementor-element-3506366 elementor-widget elementor-widget-text-editor\" data-id=\"3506366\" data-element_type=\"widget\" data-widget_type=\"text-editor.default\">\n\t\t\t\t<div class=\"elementor-widget-container\">\n\t\t\t\t\t\t\t\t\t<p>Si d&rsquo;autres sympt\u00f4mes ou pathologies vous posent le moindre do\u00fbte, n&rsquo;h\u00e9sitez pas \u00e0 m&rsquo;en parler soit par t\u00e9l\u00e9phone soit lors de votre accueil au salon. Je suis \u00e0 votre \u00e9coute<\/p>\t\t\t\t\t\t\t\t<\/div>\n\t\t\t\t<\/div>\n\t\t\t\t\t<\/div>\n\t\t<\/div>\n\t\t\t\t<div class=\"elementor-column elementor-col-33 elementor-top-column elementor-element elementor-element-544794a\" data-id=\"544794a\" data-element_type=\"column\">\n\t\t\t<div class=\"elementor-widget-wrap\">\n\t\t\t\t\t\t\t<\/div>\n\t\t<\/div>\n\t\t\t\t\t<\/div>\n\t\t<\/section>\n\t\t\t\t<section class=\"elementor-section elementor-top-section elementor-element elementor-element-c416ce9 elementor-section-boxed elementor-section-height-default elementor-section-height-default\" data-id=\"c416ce9\" data-element_type=\"section\">\n\t\t\t\t\t\t<div class=\"elementor-container elementor-column-gap-default\">\n\t\t\t\t\t<div class=\"elementor-column elementor-col-33 elementor-top-column elementor-element elementor-element-849f8e4\" data-id=\"849f8e4\" data-element_type=\"column\">\n\t\t\t<div class=\"elementor-widget-wrap\">\n\t\t\t\t\t\t\t<\/div>\n\t\t<\/div>\n\t\t\t\t<div class=\"elementor-column elementor-col-66 elementor-top-column elementor-element elementor-element-c575a46\" data-id=\"c575a46\" data-element_type=\"column\">\n\t\t\t<div class=\"elementor-widget-wrap elementor-element-populated\">\n\t\t\t\t\t\t<div class=\"elementor-element elementor-element-d1a2441 elementor-widget elementor-widget-heading\" data-id=\"d1a2441\" data-element_type=\"widget\" data-widget_type=\"heading.default\">\n\t\t\t\t<div class=\"elementor-widget-container\">\n\t\t\t\t\t<h2 class=\"elementor-heading-title elementor-size-default\">Ne sont pas consid\u00e9r\u00e9es comme contre-indications:<\/h2>\t\t\t\t<\/div>\n\t\t\t\t<\/div>\n\t\t\t\t<div class=\"elementor-element elementor-element-df95c04 elementor-widget__width-initial elementor-widget elementor-widget-text-editor\" data-id=\"df95c04\" data-element_type=\"widget\" data-widget_type=\"text-editor.default\">\n\t\t\t\t<div class=\"elementor-widget-container\">\n\t\t\t\t\t\t\t\t\t<ul><li>Les complexes<\/li><li>L&rsquo;\u00e2ge<\/li><li>Le surpoids<\/li><li>Le handicap<\/li><li>Les pathologies douloureuses comme l&rsquo;endom\u00e9triose, la fybromyalgie, l&rsquo;artrite&#8230;<\/li><li>\u00a0Et bien d&rsquo;autres&#8230;<\/li><\/ul>\t\t\t\t\t\t\t\t<\/div>\n\t\t\t\t<\/div>\n\t\t\t\t<div class=\"elementor-element elementor-element-e1c70d7 elementor-widget elementor-widget-spacer\" data-id=\"e1c70d7\" data-element_type=\"widget\" data-widget_type=\"spacer.default\">\n\t\t\t\t<div class=\"elementor-widget-container\">\n\t\t\t\t\t\t\t<div class=\"elementor-spacer\">\n\t\t\t<div class=\"elementor-spacer-inner\"><\/div>\n\t\t<\/div>\n\t\t\t\t\t\t<\/div>\n\t\t\t\t<\/div>\n\t\t\t\t<div class=\"elementor-element elementor-element-f2c3874 elementor-widget elementor-widget-text-editor\" data-id=\"f2c3874\" data-element_type=\"widget\" data-widget_type=\"text-editor.default\">\n\t\t\t\t<div class=\"elementor-widget-container\">\n\t\t\t\t\t\t\t\t\t<p>Au contraire! Il est temps de vous r\u00e9concilier avec votre corps!<\/p>\t\t\t\t\t\t\t\t<\/div>\n\t\t\t\t<\/div>\n\t\t\t\t<div class=\"elementor-element elementor-element-6874273 elementor-widget elementor-widget-text-editor\" data-id=\"6874273\" data-element_type=\"widget\" data-widget_type=\"text-editor.default\">\n\t\t\t\t<div class=\"elementor-widget-container\">\n\t\t\t\t\t\t\t\t\t<p>Venez comme vous \u00eates&#8230;<\/p>\t\t\t\t\t\t\t\t<\/div>\n\t\t\t\t<\/div>\n\t\t\t\t\t<\/div>\n\t\t<\/div>\n\t\t\t\t\t<\/div>\n\t\t<\/section>\n\t\t\t\t<section class=\"elementor-section elementor-top-section elementor-element elementor-element-82ecf2c elementor-section-boxed elementor-section-height-default elementor-section-height-default\" data-id=\"82ecf2c\" data-element_type=\"section\">\n\t\t\t\t\t\t<div class=\"elementor-container elementor-column-gap-default\">\n\t\t\t\t\t<div class=\"elementor-column elementor-col-100 elementor-top-column elementor-element elementor-element-e3a7471\" data-id=\"e3a7471\" data-element_type=\"column\">\n\t\t\t<div class=\"elementor-widget-wrap\">\n\t\t\t\t\t\t\t<\/div>\n\t\t<\/div>\n\t\t\t\t\t<\/div>\n\t\t<\/section>\n\t\t\t\t<section class=\"elementor-section elementor-top-section elementor-element elementor-element-a739c3e elementor-section-boxed elementor-section-height-default elementor-section-height-default\" data-id=\"a739c3e\" data-element_type=\"section\">\n\t\t\t\t\t\t<div class=\"elementor-container elementor-column-gap-default\">\n\t\t\t\t\t<div class=\"elementor-column elementor-col-100 elementor-top-column elementor-element elementor-element-388c806\" data-id=\"388c806\" data-element_type=\"column\">\n\t\t\t<div class=\"elementor-widget-wrap\">\n\t\t\t\t\t\t\t<\/div>\n\t\t<\/div>\n\t\t\t\t\t<\/div>\n\t\t<\/section>\n\t\t\t\t<\/div>\n\t\t","protected":false},"excerpt":{"rendered":"<p>Indications&amp;Contre-indications Les contre-indications au massage Fi\u00e8vre Fl\u00e9bite, thrombose (ou m\u00eame suspiscion) Manipulation r\u00e9cente chez un osth\u00e9opathe, chiropracteur ou tout praticien vous ayant conseill\u00e9 de rester tranquille les jours \u00e0 venir Fracture r\u00e9cente Grossesse de moins de 3 mois Si d&rsquo;autres sympt\u00f4mes ou pathologies vous posent le moindre do\u00fbte, n&rsquo;h\u00e9sitez pas \u00e0 m&rsquo;en parler soit par [&hellip;]<\/p>\n","protected":false},"author":1,"featured_media":0,"parent":0,"menu_order":0,"comment_status":"closed","ping_status":"closed","template":"","meta":{"footnotes":""},"class_list":["post-875","page","type-page","status-publish","hentry"],"yoast_head":"<!-- This site is optimized with the Yoast SEO plugin v25.6 - https:\/\/yoast.com\/wordpress\/plugins\/seo\/ -->\n<title>Contre-indications - Clair de Lune Bien-\u00eatre<\/title>\n<meta name=\"robots\" content=\"index, follow, max-snippet:-1, max-image-preview:large, max-video-preview:-1\" \/>\n<link rel=\"canonical\" href=\"https:\/\/clairdelune-bienetre.fr\/index.php\/contre-indications\/\" \/>\n<meta property=\"og:locale\" content=\"fr_FR\" \/>\n<meta property=\"og:type\" content=\"article\" \/>\n<meta property=\"og:title\" content=\"Contre-indications - Clair de Lune Bien-\u00eatre\" \/>\n<meta property=\"og:description\" content=\"Indications&amp;Contre-indications Les contre-indications au massage Fi\u00e8vre Fl\u00e9bite, thrombose (ou m\u00eame suspiscion) Manipulation r\u00e9cente chez un osth\u00e9opathe, chiropracteur ou tout praticien vous ayant conseill\u00e9 de rester tranquille les jours \u00e0 venir Fracture r\u00e9cente Grossesse de moins de 3 mois Si d&rsquo;autres sympt\u00f4mes ou pathologies vous posent le moindre do\u00fbte, n&rsquo;h\u00e9sitez pas \u00e0 m&rsquo;en parler soit par [&hellip;]\" \/>\n<meta property=\"og:url\" content=\"https:\/\/clairdelune-bienetre.fr\/index.php\/contre-indications\/\" \/>\n<meta property=\"og:site_name\" content=\"Clair de Lune Bien-\u00eatre\" \/>\n<meta property=\"article:modified_time\" content=\"2025-08-18T22:09:46+00:00\" \/>\n<meta property=\"og:image\" content=\"https:\/\/clairdelune-bienetre.fr\/wp-content\/uploads\/2024\/04\/Lotus-myrtille-sur-sable.png\" \/>\n\t<meta property=\"og:image:width\" content=\"326\" \/>\n\t<meta property=\"og:image:height\" content=\"310\" \/>\n\t<meta property=\"og:image:type\" content=\"image\/png\" \/>\n<meta name=\"twitter:card\" content=\"summary_large_image\" \/>\n<meta name=\"twitter:label1\" content=\"Dur\u00e9e de lecture estim\u00e9e\" \/>\n\t<meta name=\"twitter:data1\" content=\"1 minute\" \/>\n<script type=\"application\/ld+json\" class=\"yoast-schema-graph\">{\"@context\":\"https:\/\/schema.org\",\"@graph\":[{\"@type\":\"WebPage\",\"@id\":\"https:\/\/clairdelune-bienetre.fr\/index.php\/contre-indications\/\",\"url\":\"https:\/\/clairdelune-bienetre.fr\/index.php\/contre-indications\/\",\"name\":\"Contre-indications - Clair de Lune Bien-\u00eatre\",\"isPartOf\":{\"@id\":\"https:\/\/clairdelune-bienetre.fr\/#website\"},\"primaryImageOfPage\":{\"@id\":\"https:\/\/clairdelune-bienetre.fr\/index.php\/contre-indications\/#primaryimage\"},\"image\":{\"@id\":\"https:\/\/clairdelune-bienetre.fr\/index.php\/contre-indications\/#primaryimage\"},\"thumbnailUrl\":\"https:\/\/clairdelune-bienetre.fr\/wp-content\/uploads\/2024\/04\/Lotus-myrtille-sur-sable.png\",\"datePublished\":\"2024-07-31T16:29:16+00:00\",\"dateModified\":\"2025-08-18T22:09:46+00:00\",\"breadcrumb\":{\"@id\":\"https:\/\/clairdelune-bienetre.fr\/index.php\/contre-indications\/#breadcrumb\"},\"inLanguage\":\"fr-FR\",\"potentialAction\":[{\"@type\":\"ReadAction\",\"target\":[\"https:\/\/clairdelune-bienetre.fr\/index.php\/contre-indications\/\"]}]},{\"@type\":\"ImageObject\",\"inLanguage\":\"fr-FR\",\"@id\":\"https:\/\/clairdelune-bienetre.fr\/index.php\/contre-indications\/#primaryimage\",\"url\":\"https:\/\/clairdelune-bienetre.fr\/wp-content\/uploads\/2024\/04\/Lotus-myrtille-sur-sable.png\",\"contentUrl\":\"https:\/\/clairdelune-bienetre.fr\/wp-content\/uploads\/2024\/04\/Lotus-myrtille-sur-sable.png\",\"width\":326,\"height\":310,\"caption\":\"logo de mon entreprise\"},{\"@type\":\"BreadcrumbList\",\"@id\":\"https:\/\/clairdelune-bienetre.fr\/index.php\/contre-indications\/#breadcrumb\",\"itemListElement\":[{\"@type\":\"ListItem\",\"position\":1,\"name\":\"Accueil\",\"item\":\"https:\/\/clairdelune-bienetre.fr\/\"},{\"@type\":\"ListItem\",\"position\":2,\"name\":\"Contre-indications\"}]},{\"@type\":\"WebSite\",\"@id\":\"https:\/\/clairdelune-bienetre.fr\/#website\",\"url\":\"https:\/\/clairdelune-bienetre.fr\/\",\"name\":\"Clair de Lune Bien-\u00eatre\",\"description\":\"\",\"publisher\":{\"@id\":\"https:\/\/clairdelune-bienetre.fr\/#organization\"},\"potentialAction\":[{\"@type\":\"SearchAction\",\"target\":{\"@type\":\"EntryPoint\",\"urlTemplate\":\"https:\/\/clairdelune-bienetre.fr\/?s={search_term_string}\"},\"query-input\":{\"@type\":\"PropertyValueSpecification\",\"valueRequired\":true,\"valueName\":\"search_term_string\"}}],\"inLanguage\":\"fr-FR\"},{\"@type\":\"Organization\",\"@id\":\"https:\/\/clairdelune-bienetre.fr\/#organization\",\"name\":\"Clair de Lune Bien-\u00eatre\",\"url\":\"https:\/\/clairdelune-bienetre.fr\/\",\"logo\":{\"@type\":\"ImageObject\",\"inLanguage\":\"fr-FR\",\"@id\":\"https:\/\/clairdelune-bienetre.fr\/#\/schema\/logo\/image\/\",\"url\":\"https:\/\/clairdelune-bienetre.fr\/wp-content\/uploads\/2023\/08\/Plan-de-travail-8_1-100-1-scaled.jpg\",\"contentUrl\":\"https:\/\/clairdelune-bienetre.fr\/wp-content\/uploads\/2023\/08\/Plan-de-travail-8_1-100-1-scaled.jpg\",\"width\":2560,\"height\":1003,\"caption\":\"Clair de Lune Bien-\u00eatre\"},\"image\":{\"@id\":\"https:\/\/clairdelune-bienetre.fr\/#\/schema\/logo\/image\/\"}}]}<\/script>\n<!-- \/ Yoast SEO plugin. -->","yoast_head_json":{"title":"Contre-indications - Clair de Lune Bien-\u00eatre","robots":{"index":"index","follow":"follow","max-snippet":"max-snippet:-1","max-image-preview":"max-image-preview:large","max-video-preview":"max-video-preview:-1"},"canonical":"https:\/\/clairdelune-bienetre.fr\/index.php\/contre-indications\/","og_locale":"fr_FR","og_type":"article","og_title":"Contre-indications - Clair de Lune Bien-\u00eatre","og_description":"Indications&amp;Contre-indications Les contre-indications au massage Fi\u00e8vre Fl\u00e9bite, thrombose (ou m\u00eame suspiscion) Manipulation r\u00e9cente chez un osth\u00e9opathe, chiropracteur ou tout praticien vous ayant conseill\u00e9 de rester tranquille les jours \u00e0 venir Fracture r\u00e9cente Grossesse de moins de 3 mois Si d&rsquo;autres sympt\u00f4mes ou pathologies vous posent le moindre do\u00fbte, n&rsquo;h\u00e9sitez pas \u00e0 m&rsquo;en parler soit par [&hellip;]","og_url":"https:\/\/clairdelune-bienetre.fr\/index.php\/contre-indications\/","og_site_name":"Clair de Lune Bien-\u00eatre","article_modified_time":"2025-08-18T22:09:46+00:00","og_image":[{"width":326,"height":310,"url":"https:\/\/clairdelune-bienetre.fr\/wp-content\/uploads\/2024\/04\/Lotus-myrtille-sur-sable.png","type":"image\/png"}],"twitter_card":"summary_large_image","twitter_misc":{"Dur\u00e9e de lecture estim\u00e9e":"1 minute"},"schema":{"@context":"https:\/\/schema.org","@graph":[{"@type":"WebPage","@id":"https:\/\/clairdelune-bienetre.fr\/index.php\/contre-indications\/","url":"https:\/\/clairdelune-bienetre.fr\/index.php\/contre-indications\/","name":"Contre-indications - Clair de Lune Bien-\u00eatre","isPartOf":{"@id":"https:\/\/clairdelune-bienetre.fr\/#website"},"primaryImageOfPage":{"@id":"https:\/\/clairdelune-bienetre.fr\/index.php\/contre-indications\/#primaryimage"},"image":{"@id":"https:\/\/clairdelune-bienetre.fr\/index.php\/contre-indications\/#primaryimage"},"thumbnailUrl":"https:\/\/clairdelune-bienetre.fr\/wp-content\/uploads\/2024\/04\/Lotus-myrtille-sur-sable.png","datePublished":"2024-07-31T16:29:16+00:00","dateModified":"2025-08-18T22:09:46+00:00","breadcrumb":{"@id":"https:\/\/clairdelune-bienetre.fr\/index.php\/contre-indications\/#breadcrumb"},"inLanguage":"fr-FR","potentialAction":[{"@type":"ReadAction","target":["https:\/\/clairdelune-bienetre.fr\/index.php\/contre-indications\/"]}]},{"@type":"ImageObject","inLanguage":"fr-FR","@id":"https:\/\/clairdelune-bienetre.fr\/index.php\/contre-indications\/#primaryimage","url":"https:\/\/clairdelune-bienetre.fr\/wp-content\/uploads\/2024\/04\/Lotus-myrtille-sur-sable.png","contentUrl":"https:\/\/clairdelune-bienetre.fr\/wp-content\/uploads\/2024\/04\/Lotus-myrtille-sur-sable.png","width":326,"height":310,"caption":"logo de mon entreprise"},{"@type":"BreadcrumbList","@id":"https:\/\/clairdelune-bienetre.fr\/index.php\/contre-indications\/#breadcrumb","itemListElement":[{"@type":"ListItem","position":1,"name":"Accueil","item":"https:\/\/clairdelune-bienetre.fr\/"},{"@type":"ListItem","position":2,"name":"Contre-indications"}]},{"@type":"WebSite","@id":"https:\/\/clairdelune-bienetre.fr\/#website","url":"https:\/\/clairdelune-bienetre.fr\/","name":"Clair de Lune Bien-\u00eatre","description":"","publisher":{"@id":"https:\/\/clairdelune-bienetre.fr\/#organization"},"potentialAction":[{"@type":"SearchAction","target":{"@type":"EntryPoint","urlTemplate":"https:\/\/clairdelune-bienetre.fr\/?s={search_term_string}"},"query-input":{"@type":"PropertyValueSpecification","valueRequired":true,"valueName":"search_term_string"}}],"inLanguage":"fr-FR"},{"@type":"Organization","@id":"https:\/\/clairdelune-bienetre.fr\/#organization","name":"Clair de Lune Bien-\u00eatre","url":"https:\/\/clairdelune-bienetre.fr\/","logo":{"@type":"ImageObject","inLanguage":"fr-FR","@id":"https:\/\/clairdelune-bienetre.fr\/#\/schema\/logo\/image\/","url":"https:\/\/clairdelune-bienetre.fr\/wp-content\/uploads\/2023\/08\/Plan-de-travail-8_1-100-1-scaled.jpg","contentUrl":"https:\/\/clairdelune-bienetre.fr\/wp-content\/uploads\/2023\/08\/Plan-de-travail-8_1-100-1-scaled.jpg","width":2560,"height":1003,"caption":"Clair de Lune Bien-\u00eatre"},"image":{"@id":"https:\/\/clairdelune-bienetre.fr\/#\/schema\/logo\/image\/"}}]}},"_links":{"self":[{"href":"https:\/\/clairdelune-bienetre.fr\/index.php\/wp-json\/wp\/v2\/pages\/875","targetHints":{"allow":["GET"]}}],"collection":[{"href":"https:\/\/clairdelune-bienetre.fr\/index.php\/wp-json\/wp\/v2\/pages"}],"about":[{"href":"https:\/\/clairdelune-bienetre.fr\/index.php\/wp-json\/wp\/v2\/types\/page"}],"author":[{"embeddable":true,"href":"https:\/\/clairdelune-bienetre.fr\/index.php\/wp-json\/wp\/v2\/users\/1"}],"replies":[{"embeddable":true,"href":"https:\/\/clairdelune-bienetre.fr\/index.php\/wp-json\/wp\/v2\/comments?post=875"}],"version-history":[{"count":25,"href":"https:\/\/clairdelune-bienetre.fr\/index.php\/wp-json\/wp\/v2\/pages\/875\/revisions"}],"predecessor-version":[{"id":1177,"href":"https:\/\/clairdelune-bienetre.fr\/index.php\/wp-json\/wp\/v2\/pages\/875\/revisions\/1177"}],"wp:attachment":[{"href":"https:\/\/clairdelune-bienetre.fr\/index.php\/wp-json\/wp\/v2\/media?parent=875"}],"curies":[{"name":"wp","href":"https:\/\/api.w.org\/{rel}","templated":true}]}}