{"id":913,"date":"2024-09-14T14:42:39","date_gmt":"2024-09-14T12:42:39","guid":{"rendered":"https:\/\/clairdelune-bienetre.fr\/?page_id=913"},"modified":"2024-09-14T15:36:01","modified_gmt":"2024-09-14T13:36:01","slug":"article","status":"publish","type":"page","link":"https:\/\/clairdelune-bienetre.fr\/index.php\/article\/","title":{"rendered":"Articles"},"content":{"rendered":"\t\t<div data-elementor-type=\"wp-page\" data-elementor-id=\"913\" class=\"elementor elementor-913\">\n\t\t\t\t\t\t<section class=\"elementor-section elementor-top-section elementor-element elementor-element-ee32c46 elementor-section-boxed elementor-section-height-default elementor-section-height-default\" data-id=\"ee32c46\" data-element_type=\"section\">\n\t\t\t\t\t\t<div class=\"elementor-container elementor-column-gap-default\">\n\t\t\t\t\t<div class=\"elementor-column elementor-col-16 elementor-top-column elementor-element elementor-element-928e575\" data-id=\"928e575\" data-element_type=\"column\">\n\t\t\t<div class=\"elementor-widget-wrap\">\n\t\t\t\t\t\t\t<\/div>\n\t\t<\/div>\n\t\t\t\t<div class=\"elementor-column elementor-col-66 elementor-top-column elementor-element elementor-element-ac77c98\" data-id=\"ac77c98\" data-element_type=\"column\">\n\t\t\t<div class=\"elementor-widget-wrap elementor-element-populated\">\n\t\t\t\t\t\t<div class=\"elementor-element elementor-element-4086c1d elementor-widget elementor-widget-heading\" data-id=\"4086c1d\" data-element_type=\"widget\" data-widget_type=\"heading.default\">\n\t\t\t\t<div class=\"elementor-widget-container\">\n\t\t\t\t\t<h2 class=\"elementor-heading-title elementor-size-default\">Pr\u00e9sentation<\/h2>\t\t\t\t<\/div>\n\t\t\t\t<\/div>\n\t\t\t\t<div class=\"elementor-element elementor-element-b00a54e elementor-widget elementor-widget-text-editor\" data-id=\"b00a54e\" data-element_type=\"widget\" data-widget_type=\"text-editor.default\">\n\t\t\t\t<div class=\"elementor-widget-container\">\n\t\t\t\t\t\t\t\t\t<p>Je vais vous parler ici de mon envie de publier des articles autour du bien-\u00eatre.<\/p><p>Je voulais tout de m\u00eame apporter une pr\u00e9cision au sujet de ces articles. Il ne s&rsquo;agit pas de conseils ou d&rsquo;une d\u00e9marche \u00e0 appliquer au mot pour acc\u00e9der \u00e0 un mieux \u00eatre. Je ne suis pas gourou, je n&rsquo;ai pas toutes les cl\u00e9s en main. Je suis comme tout un chacun, je cherche&#8230; (Et des fois, je trouve!)<\/p><p>Plus modestement, je voulais partager avec vous ma vision des choses et mon exp\u00e9rience, mes r\u00e9ussites comme mes \u00e9checs et ce qui reste \u00e0 am\u00e9liorer.<\/p><p>Je vous encourage apr\u00e8s chaque article \u00e0 partager avec moi vos propres exp\u00e9riences, ce qui fonctionne pour vous et ce que vous voudriez am\u00e9liorer. Nous cherchons tous \u00e0 vivre sereinement et \u00e0 atteindre le bonheur. Le bien-\u00eatre est propre \u00e0 chacun. L&rsquo;id\u00e9e du bonheur diff\u00e8re selon les personnes. Mais pourquoi ne pas essayer de discuter de nos points de vue et de nous inspirer les uns les autres pour profiter de la vie dans la paix et l&rsquo;harmonie?<\/p>\t\t\t\t\t\t\t\t<\/div>\n\t\t\t\t<\/div>\n\t\t\t\t\t<\/div>\n\t\t<\/div>\n\t\t\t\t<div class=\"elementor-column elementor-col-16 elementor-top-column elementor-element elementor-element-f961c91\" data-id=\"f961c91\" data-element_type=\"column\">\n\t\t\t<div class=\"elementor-widget-wrap\">\n\t\t\t\t\t\t\t<\/div>\n\t\t<\/div>\n\t\t\t\t\t<\/div>\n\t\t<\/section>\n\t\t\t\t<section class=\"elementor-section elementor-top-section elementor-element elementor-element-6cbab18 elementor-section-boxed elementor-section-height-default elementor-section-height-default\" data-id=\"6cbab18\" data-element_type=\"section\">\n\t\t\t\t\t\t<div class=\"elementor-container elementor-column-gap-default\">\n\t\t\t\t\t<div class=\"elementor-column elementor-col-33 elementor-top-column elementor-element elementor-element-5165501\" data-id=\"5165501\" data-element_type=\"column\">\n\t\t\t<div class=\"elementor-widget-wrap\">\n\t\t\t\t\t\t\t<\/div>\n\t\t<\/div>\n\t\t\t\t<div class=\"elementor-column elementor-col-66 elementor-top-column elementor-element elementor-element-eeaaf1f\" data-id=\"eeaaf1f\" data-element_type=\"column\">\n\t\t\t<div class=\"elementor-widget-wrap elementor-element-populated\">\n\t\t\t\t\t\t<div class=\"elementor-element elementor-element-c7d28c8 elementor-widget elementor-widget-button\" data-id=\"c7d28c8\" data-element_type=\"widget\" data-widget_type=\"button.default\">\n\t\t\t\t<div class=\"elementor-widget-container\">\n\t\t\t\t\t\t\t\t\t<div class=\"elementor-button-wrapper\">\n\t\t\t\t\t<a class=\"elementor-button elementor-button-link elementor-size-sm\" href=\"https:\/\/clairdelune-bienetre.fr\/index.php\/2024\/09\/14\/le-bien-etre-cest-quoi\/\">\n\t\t\t\t\t\t<span class=\"elementor-button-content-wrapper\">\n\t\t\t\t\t\t\t\t\t<span class=\"elementor-button-text\">- C'est quoi le bien-\u00eatre?-  article du 14\/09\/24<\/span>\n\t\t\t\t\t<\/span>\n\t\t\t\t\t<\/a>\n\t\t\t\t<\/div>\n\t\t\t\t\t\t\t\t<\/div>\n\t\t\t\t<\/div>\n\t\t\t\t\t<\/div>\n\t\t<\/div>\n\t\t\t\t\t<\/div>\n\t\t<\/section>\n\t\t\t\t<\/div>\n\t\t","protected":false},"excerpt":{"rendered":"<p>Pr\u00e9sentation Je vais vous parler ici de mon envie de publier des articles autour du bien-\u00eatre. Je voulais tout de m\u00eame apporter une pr\u00e9cision au sujet de ces articles. Il ne s&rsquo;agit pas de conseils ou d&rsquo;une d\u00e9marche \u00e0 appliquer au mot pour acc\u00e9der \u00e0 un mieux \u00eatre. Je ne suis pas gourou, je n&rsquo;ai [&hellip;]<\/p>\n","protected":false},"author":1,"featured_media":0,"parent":0,"menu_order":0,"comment_status":"closed","ping_status":"closed","template":"","meta":{"footnotes":""},"class_list":["post-913","page","type-page","status-publish","hentry"],"yoast_head":"<!-- This site is optimized with the Yoast SEO plugin v25.6 - https:\/\/yoast.com\/wordpress\/plugins\/seo\/ -->\n<title>Articles - Clair de Lune Bien-\u00eatre<\/title>\n<meta name=\"robots\" content=\"index, follow, max-snippet:-1, max-image-preview:large, max-video-preview:-1\" \/>\n<link rel=\"canonical\" href=\"https:\/\/clairdelune-bienetre.fr\/index.php\/article\/\" \/>\n<meta property=\"og:locale\" content=\"fr_FR\" \/>\n<meta property=\"og:type\" content=\"article\" \/>\n<meta property=\"og:title\" content=\"Articles - Clair de Lune Bien-\u00eatre\" \/>\n<meta property=\"og:description\" content=\"Pr\u00e9sentation Je vais vous parler ici de mon envie de publier des articles autour du bien-\u00eatre. Je voulais tout de m\u00eame apporter une pr\u00e9cision au sujet de ces articles. Il ne s&rsquo;agit pas de conseils ou d&rsquo;une d\u00e9marche \u00e0 appliquer au mot pour acc\u00e9der \u00e0 un mieux \u00eatre. Je ne suis pas gourou, je n&rsquo;ai [&hellip;]\" \/>\n<meta property=\"og:url\" content=\"https:\/\/clairdelune-bienetre.fr\/index.php\/article\/\" \/>\n<meta property=\"og:site_name\" content=\"Clair de Lune Bien-\u00eatre\" \/>\n<meta property=\"article:modified_time\" content=\"2024-09-14T13:36:01+00:00\" \/>\n<meta name=\"twitter:card\" content=\"summary_large_image\" \/>\n<meta name=\"twitter:label1\" content=\"Dur\u00e9e de lecture estim\u00e9e\" \/>\n\t<meta name=\"twitter:data1\" content=\"1 minute\" \/>\n<script type=\"application\/ld+json\" class=\"yoast-schema-graph\">{\"@context\":\"https:\/\/schema.org\",\"@graph\":[{\"@type\":\"WebPage\",\"@id\":\"https:\/\/clairdelune-bienetre.fr\/index.php\/article\/\",\"url\":\"https:\/\/clairdelune-bienetre.fr\/index.php\/article\/\",\"name\":\"Articles - Clair de Lune Bien-\u00eatre\",\"isPartOf\":{\"@id\":\"https:\/\/clairdelune-bienetre.fr\/#website\"},\"datePublished\":\"2024-09-14T12:42:39+00:00\",\"dateModified\":\"2024-09-14T13:36:01+00:00\",\"breadcrumb\":{\"@id\":\"https:\/\/clairdelune-bienetre.fr\/index.php\/article\/#breadcrumb\"},\"inLanguage\":\"fr-FR\",\"potentialAction\":[{\"@type\":\"ReadAction\",\"target\":[\"https:\/\/clairdelune-bienetre.fr\/index.php\/article\/\"]}]},{\"@type\":\"BreadcrumbList\",\"@id\":\"https:\/\/clairdelune-bienetre.fr\/index.php\/article\/#breadcrumb\",\"itemListElement\":[{\"@type\":\"ListItem\",\"position\":1,\"name\":\"Accueil\",\"item\":\"https:\/\/clairdelune-bienetre.fr\/\"},{\"@type\":\"ListItem\",\"position\":2,\"name\":\"Articles\"}]},{\"@type\":\"WebSite\",\"@id\":\"https:\/\/clairdelune-bienetre.fr\/#website\",\"url\":\"https:\/\/clairdelune-bienetre.fr\/\",\"name\":\"Clair de Lune Bien-\u00eatre\",\"description\":\"\",\"publisher\":{\"@id\":\"https:\/\/clairdelune-bienetre.fr\/#organization\"},\"potentialAction\":[{\"@type\":\"SearchAction\",\"target\":{\"@type\":\"EntryPoint\",\"urlTemplate\":\"https:\/\/clairdelune-bienetre.fr\/?s={search_term_string}\"},\"query-input\":{\"@type\":\"PropertyValueSpecification\",\"valueRequired\":true,\"valueName\":\"search_term_string\"}}],\"inLanguage\":\"fr-FR\"},{\"@type\":\"Organization\",\"@id\":\"https:\/\/clairdelune-bienetre.fr\/#organization\",\"name\":\"Clair de Lune Bien-\u00eatre\",\"url\":\"https:\/\/clairdelune-bienetre.fr\/\",\"logo\":{\"@type\":\"ImageObject\",\"inLanguage\":\"fr-FR\",\"@id\":\"https:\/\/clairdelune-bienetre.fr\/#\/schema\/logo\/image\/\",\"url\":\"https:\/\/clairdelune-bienetre.fr\/wp-content\/uploads\/2023\/08\/Plan-de-travail-8_1-100-1-scaled.jpg\",\"contentUrl\":\"https:\/\/clairdelune-bienetre.fr\/wp-content\/uploads\/2023\/08\/Plan-de-travail-8_1-100-1-scaled.jpg\",\"width\":2560,\"height\":1003,\"caption\":\"Clair de Lune Bien-\u00eatre\"},\"image\":{\"@id\":\"https:\/\/clairdelune-bienetre.fr\/#\/schema\/logo\/image\/\"}}]}<\/script>\n<!-- \/ Yoast SEO plugin. -->","yoast_head_json":{"title":"Articles - Clair de Lune Bien-\u00eatre","robots":{"index":"index","follow":"follow","max-snippet":"max-snippet:-1","max-image-preview":"max-image-preview:large","max-video-preview":"max-video-preview:-1"},"canonical":"https:\/\/clairdelune-bienetre.fr\/index.php\/article\/","og_locale":"fr_FR","og_type":"article","og_title":"Articles - Clair de Lune Bien-\u00eatre","og_description":"Pr\u00e9sentation Je vais vous parler ici de mon envie de publier des articles autour du bien-\u00eatre. Je voulais tout de m\u00eame apporter une pr\u00e9cision au sujet de ces articles. Il ne s&rsquo;agit pas de conseils ou d&rsquo;une d\u00e9marche \u00e0 appliquer au mot pour acc\u00e9der \u00e0 un mieux \u00eatre. Je ne suis pas gourou, je n&rsquo;ai [&hellip;]","og_url":"https:\/\/clairdelune-bienetre.fr\/index.php\/article\/","og_site_name":"Clair de Lune Bien-\u00eatre","article_modified_time":"2024-09-14T13:36:01+00:00","twitter_card":"summary_large_image","twitter_misc":{"Dur\u00e9e de lecture estim\u00e9e":"1 minute"},"schema":{"@context":"https:\/\/schema.org","@graph":[{"@type":"WebPage","@id":"https:\/\/clairdelune-bienetre.fr\/index.php\/article\/","url":"https:\/\/clairdelune-bienetre.fr\/index.php\/article\/","name":"Articles - Clair de Lune Bien-\u00eatre","isPartOf":{"@id":"https:\/\/clairdelune-bienetre.fr\/#website"},"datePublished":"2024-09-14T12:42:39+00:00","dateModified":"2024-09-14T13:36:01+00:00","breadcrumb":{"@id":"https:\/\/clairdelune-bienetre.fr\/index.php\/article\/#breadcrumb"},"inLanguage":"fr-FR","potentialAction":[{"@type":"ReadAction","target":["https:\/\/clairdelune-bienetre.fr\/index.php\/article\/"]}]},{"@type":"BreadcrumbList","@id":"https:\/\/clairdelune-bienetre.fr\/index.php\/article\/#breadcrumb","itemListElement":[{"@type":"ListItem","position":1,"name":"Accueil","item":"https:\/\/clairdelune-bienetre.fr\/"},{"@type":"ListItem","position":2,"name":"Articles"}]},{"@type":"WebSite","@id":"https:\/\/clairdelune-bienetre.fr\/#website","url":"https:\/\/clairdelune-bienetre.fr\/","name":"Clair de Lune Bien-\u00eatre","description":"","publisher":{"@id":"https:\/\/clairdelune-bienetre.fr\/#organization"},"potentialAction":[{"@type":"SearchAction","target":{"@type":"EntryPoint","urlTemplate":"https:\/\/clairdelune-bienetre.fr\/?s={search_term_string}"},"query-input":{"@type":"PropertyValueSpecification","valueRequired":true,"valueName":"search_term_string"}}],"inLanguage":"fr-FR"},{"@type":"Organization","@id":"https:\/\/clairdelune-bienetre.fr\/#organization","name":"Clair de Lune Bien-\u00eatre","url":"https:\/\/clairdelune-bienetre.fr\/","logo":{"@type":"ImageObject","inLanguage":"fr-FR","@id":"https:\/\/clairdelune-bienetre.fr\/#\/schema\/logo\/image\/","url":"https:\/\/clairdelune-bienetre.fr\/wp-content\/uploads\/2023\/08\/Plan-de-travail-8_1-100-1-scaled.jpg","contentUrl":"https:\/\/clairdelune-bienetre.fr\/wp-content\/uploads\/2023\/08\/Plan-de-travail-8_1-100-1-scaled.jpg","width":2560,"height":1003,"caption":"Clair de Lune Bien-\u00eatre"},"image":{"@id":"https:\/\/clairdelune-bienetre.fr\/#\/schema\/logo\/image\/"}}]}},"_links":{"self":[{"href":"https:\/\/clairdelune-bienetre.fr\/index.php\/wp-json\/wp\/v2\/pages\/913","targetHints":{"allow":["GET"]}}],"collection":[{"href":"https:\/\/clairdelune-bienetre.fr\/index.php\/wp-json\/wp\/v2\/pages"}],"about":[{"href":"https:\/\/clairdelune-bienetre.fr\/index.php\/wp-json\/wp\/v2\/types\/page"}],"author":[{"embeddable":true,"href":"https:\/\/clairdelune-bienetre.fr\/index.php\/wp-json\/wp\/v2\/users\/1"}],"replies":[{"embeddable":true,"href":"https:\/\/clairdelune-bienetre.fr\/index.php\/wp-json\/wp\/v2\/comments?post=913"}],"version-history":[{"count":21,"href":"https:\/\/clairdelune-bienetre.fr\/index.php\/wp-json\/wp\/v2\/pages\/913\/revisions"}],"predecessor-version":[{"id":946,"href":"https:\/\/clairdelune-bienetre.fr\/index.php\/wp-json\/wp\/v2\/pages\/913\/revisions\/946"}],"wp:attachment":[{"href":"https:\/\/clairdelune-bienetre.fr\/index.php\/wp-json\/wp\/v2\/media?parent=913"}],"curies":[{"name":"wp","href":"https:\/\/api.w.org\/{rel}","templated":true}]}}